{"id":25089,"date":"2025-04-01T13:06:15","date_gmt":"2025-04-01T13:06:15","guid":{"rendered":"https:\/\/icoone.com\/?page_id=25089"},"modified":"2026-04-10T12:18:36","modified_gmt":"2026-04-10T12:18:36","slug":"recuperation-post-mastoplastie","status":"publish","type":"page","link":"https:\/\/icoone.com\/fr\/icoone-prima-dopo\/recupero-post-mastoplastica\/","title":{"rendered":"R\u00e9cup\u00e9ration post-mastoplastie"},"content":{"rendered":"<div id=\"space\"  data-column-margin=\"default\" data-midnight=\"dark\"  class=\"wpb_row vc_row-fluid vc_row full-width-content vc_row-o-equal-height vc_row-flex vc_row-o-content-top  zindex-set\"  style=\"padding-top: 0px; padding-bottom: 0px;  z-index: 2;\"><div class=\"row-bg-wrap\" data-bg-animation=\"none\" data-bg-animation-delay=\"\" data-bg-overlay=\"false\"><div class=\"inner-wrap row-bg-layer\" ><div class=\"row-bg viewport-desktop\"  style=\"\"><\/div><\/div><\/div><div class=\"row_col_wrap_12 col span_12 dark left\">\n\t<div style=\"\" class=\"vc_col-sm-12 wpb_column column_container vc_column_container col has-animation no-extra-padding inherit_tablet inherit_phone\" data-using-bg=\"true\" data-padding-pos=\"all\" data-has-bg-color=\"true\" data-bg-color=\"#d3dcdb\" data-bg-opacity=\"1\" data-animation=\"reveal-from-top\" data-delay=\"150\" >\n\t\t<div class=\"vc_column-inner\" ><div class=\"column-bg-overlay-wrap column-bg-layer\" data-bg-animation=\"none\"><div class=\"column-bg-overlay\" style=\"opacity: 1; background-color: #d3dcdb;\"><\/div><\/div>\n\t\t\t<div class=\"wpb_wrapper\">\n\t\t\t\t<div class=\"divider-wrap\" data-alignment=\"default\"><div style=\"height: 200px;\" class=\"divider\"><\/div><\/div>\n\t\t\t<\/div> \n\t\t<\/div>\n\t<\/div> \n<\/div><\/div>\n\t\t<div id=\"title\"  data-br=\"20px\" data-br-applies=\"bg\" data-column-margin=\"default\" data-midnight=\"dark\"  class=\"wpb_row vc_row-fluid vc_row full-width-content vc_row-o-equal-height vc_row-flex parallax_section top_margin_-40px zindex-set nectar-overflow-hidden\"  style=\"padding-top: 0px; padding-bottom: 0px;  z-index: 5;\"><div class=\"row-bg-wrap\" data-bg-animation=\"none\" data-bg-animation-delay=\"\" data-bg-overlay=\"false\"><div class=\"inner-wrap row-bg-layer\" ><div class=\"row-bg viewport-desktop\" data-parallax-speed=\"medium_fast\" style=\"\"><\/div><\/div><\/div><div class=\"row_col_wrap_12 col span_12 dark left\">\n\t<div style=\"\" class=\"vc_col-sm-12 wpb_column column_container vc_column_container col col-overflow-hidden left_padding_desktop_14vw top_padding_desktop_3vw right_padding_desktop_14vw\" data-using-bg=\"true\" data-border-radius=\"20px\" data-padding-pos=\"all\" data-has-bg-color=\"true\" data-bg-color=\"#e6f0fa\" data-bg-opacity=\"1\" data-animation=\"\" data-delay=\"0\" >\n\t\t<div class=\"vc_column-inner\" ><div class=\"column-bg-overlay-wrap column-bg-layer\" data-bg-animation=\"zoom-out\"><div class=\"column-bg-overlay\" style=\"opacity: 1; background-color: #e6f0fa;\"><\/div><\/div>\n\t\t\t<div class=\"wpb_wrapper\">\n\t\t\t\t<div id=\"fws_69dfe99b5d71b\" data-midnight=\"\" data-column-margin=\"default\" class=\"wpb_row vc_row-fluid vc_row inner_row vc_row-o-equal-height vc_row-flex vc_row-o-content-bottom\"  style=\"\"><div class=\"row-bg-wrap\"> <div class=\"row-bg\" ><\/div> <\/div><div class=\"row_col_wrap_12_inner col span_12  left\">\n\t<div  class=\"vc_col-sm-12 wpb_column column_container vc_column_container col child_column no-extra-padding inherit_tablet inherit_phone\"   data-padding-pos=\"all\" data-has-bg-color=\"false\" data-bg-color=\"\" data-bg-opacity=\"1\" data-animation=\"\" data-delay=\"0\" >\n\t\t<div class=\"vc_column-inner\" >\n\t\t<div class=\"wpb_wrapper\">\n\t\t\t<div class=\"nectar-split-heading\" data-align=\"default\" data-m-align=\"inherit\" data-text-effect=\"default\" data-animation-type=\"line-reveal-by-space\" data-animation-delay=\"0\" data-animation-offset=\"\" data-m-rm-animation=\"\" data-stagger=\"\" data-custom-font-size=\"false\" ><h6 style=\" color: #000000;\">ICOONE\u00ae BODY R\u00c9SULTATS AVANT ET APR\u00c8S<\/h6><\/div><div class=\"nectar-split-heading  font_size_6vw font_line_height_1px\" data-align=\"default\" data-m-align=\"inherit\" data-text-effect=\"default\" data-animation-type=\"default\" data-animation-delay=\"0\" data-animation-offset=\"\" data-m-rm-animation=\"\" data-stagger=\"\" data-custom-font-size=\"true\" style=\"font-size: 6vw; line-height: 6.6vw;\"><div class=\"heading-line\" > <div><h3>R\u00e9cup\u00e9ration post-mastoplastie<\/h3> <\/div> <\/div><\/div>\n\t\t<\/div> \n\t<\/div>\n\t<\/div> \n<\/div><\/div>\n\t\t\t<\/div> \n\t\t<\/div>\n\t<\/div> \n<\/div><\/div>\n\t\t<div id=\"title\"  data-column-margin=\"custom\" data-midnight=\"dark\" data-top-percent=\"2%\" data-bottom-percent=\"5%\"  class=\"wpb_row vc_row-fluid vc_row full-width-content has-row-bg-color vc_row-o-equal-height vc_row-flex vc_row-o-content-middle  column-margin-5vw\"  style=\"padding-top: calc(100vw * 0.02); padding-bottom: calc(100vw * 0.05); --row-bg-color: #e6f0fa;\"><div class=\"row-bg-wrap\" data-bg-animation=\"none\" data-bg-animation-delay=\"\" data-bg-overlay=\"false\"><div class=\"inner-wrap row-bg-layer\" ><div class=\"row-bg viewport-desktop using-bg-color\"  style=\"background-color: #e6f0fa; \"><\/div><\/div><\/div><div class=\"row_col_wrap_12 col span_12 dark left\">\n\t<div style=\"\" class=\"vc_col-sm-6 wpb_column column_container vc_column_container col no-extra-padding inherit_tablet inherit_phone tr_br_5vw br_br_20px\" data-using-bg=\"true\" data-padding-pos=\"all\" data-has-bg-color=\"true\" data-bg-color=\"#d3dcdb\" data-bg-opacity=\"1\" data-animation=\"\" data-delay=\"0\" >\n\t\t<div class=\"vc_column-inner\" ><div class=\"column-bg-overlay-wrap column-bg-layer\" data-bg-animation=\"none\"><div class=\"column-bg-overlay\" style=\"opacity: 1; background-color: #d3dcdb;\"><\/div><\/div>\n\t\t\t<div class=\"wpb_wrapper\">\n\t\t\t\t<div class=\"img-with-aniamtion-wrap\" data-max-width=\"100%\" data-max-width-mobile=\"default\" data-shadow=\"none\" data-animation=\"none\"  style=\"margin-right: 20%; margin-left: 20%;\">\n      <div class=\"inner\">\n        <div class=\"hover-wrap\"> \n          <div class=\"hover-wrap-inner\">\n            <img loading=\"lazy\" decoding=\"async\" class=\"img-with-animation skip-lazy\" data-delay=\"0\" height=\"1200\" width=\"1200\" data-animation=\"none\" src=\"https:\/\/icoone.com\/wp-content\/uploads\/2025\/03\/img-risultati-2.jpg\" alt=\"\" srcset=\"https:\/\/icoone.com\/wp-content\/uploads\/2025\/03\/img-risultati-2.jpg 1200w, https:\/\/icoone.com\/wp-content\/uploads\/2025\/03\/img-risultati-2-300x300.jpg 300w, https:\/\/icoone.com\/wp-content\/uploads\/2025\/03\/img-risultati-2-1024x1024.jpg 1024w, https:\/\/icoone.com\/wp-content\/uploads\/2025\/03\/img-risultati-2-150x150.jpg 150w, https:\/\/icoone.com\/wp-content\/uploads\/2025\/03\/img-risultati-2-768x768.jpg 768w, https:\/\/icoone.com\/wp-content\/uploads\/2025\/03\/img-risultati-2-12x12.jpg 12w, https:\/\/icoone.com\/wp-content\/uploads\/2025\/03\/img-risultati-2-140x140.jpg 140w, https:\/\/icoone.com\/wp-content\/uploads\/2025\/03\/img-risultati-2-100x100.jpg 100w, https:\/\/icoone.com\/wp-content\/uploads\/2025\/03\/img-risultati-2-500x500.jpg 500w, https:\/\/icoone.com\/wp-content\/uploads\/2025\/03\/img-risultati-2-350x350.jpg 350w, https:\/\/icoone.com\/wp-content\/uploads\/2025\/03\/img-risultati-2-1000x1000.jpg 1000w, https:\/\/icoone.com\/wp-content\/uploads\/2025\/03\/img-risultati-2-800x800.jpg 800w\" sizes=\"auto, (max-width: 1200px) 100vw, 1200px\" \/>\n          <\/div>\n        <\/div>\n        \n      <\/div>\n    <\/div>\n\t\t\t<\/div> \n\t\t<\/div>\n\t<\/div> \n\n\t<div  class=\"vc_col-sm-6 wpb_column column_container vc_column_container col top_padding_desktop_5pct right_padding_desktop_14vw bottom_padding_desktop_5pct\"  data-padding-pos=\"all\" data-has-bg-color=\"false\" data-bg-color=\"\" data-bg-opacity=\"1\" data-animation=\"\" data-delay=\"0\" >\n\t\t<div class=\"vc_column-inner\" >\n\t\t\t<div class=\"wpb_wrapper\">\n\t\t\t\t\n<div class=\"wpb_text_column wpb_content_element\" >\n\t<p style=\"text-align: right;\"><span style=\"color: #000000;\"><strong>R\u00e9sultats icoone\u00ae Medical :<\/strong><\/span><\/p>\n<p style=\"text-align: right;\"><span style=\"color: #000000;\"><a style=\"color: #000000;\" href=\"https:\/\/icoone.com\/fr\/resultats\/post-cesarienne\/\"><strong>POST-C\u00c9SARIENNE<\/strong><\/a><\/span><br \/>\n<span style=\"color: #000000;\"><a style=\"color: #000000;\" href=\"https:\/\/icoone.com\/fr\/resultats\/recuperation-post-liposuccion\/\"><strong>R\u00c9CUP\u00c9RATION POST LIPOSUCCION<\/strong><\/a><b><br \/>\n<\/b><a style=\"color: #000000;\" href=\"https:\/\/icoone.com\/fr\/resultats\/brulures-2\/\"><strong>BRUCIATURE<\/strong><\/a><b><br \/>\n<\/b><a style=\"color: #000000;\" href=\"https:\/\/icoone.com\/fr\/resultats\/reduction-de-la-fibrose\/\"><strong>R\u00c9DUCTION DE LA FIBROSE<\/strong><\/a><b><br \/>\n<\/b><a style=\"color: #000000;\" href=\"https:\/\/icoone.com\/fr\/resultats\/recuperation-post-mastoplastie\/\"><strong><b>\u2192 <\/b><\/strong>R\u00c9CUP\u00c9RATION POST-MASTOPLASTIE<\/a><b><br \/>\n<\/b><a style=\"color: #000000;\" href=\"https:\/\/icoone.com\/fr\/resultats\/rehabilitation-de-lartoplastie\/\"><strong>R\u00c9HABILITATION DE L'ARTOPLASTIE<\/strong><\/a><b><br \/>\n<a style=\"color: #000000;\" href=\"https:\/\/icoone.com\/fr\/resultats\/traitement-des-cicatrices\/\">TRAITEMENT DES CICATRICES<\/a><br \/>\n<\/b><a style=\"color: #000000;\" href=\"https:\/\/icoone.com\/fr\/resultats\/recuperation-post-rhinoplastie\/\"><strong>R\u00c9CUP\u00c9RATION POST-RHINOPLASTIE<\/strong><\/a><b><br \/>\n<\/b><strong><a style=\"color: #000000;\" href=\"https:\/\/icoone.com\/fr\/icoon-avant-apres\/recuperation-post-blepharoplastie\/\">R\u00c9CUP\u00c9RATION POST-BL\u00c9PHAROPLASTIE<\/a><\/strong><b><br \/>\n<\/b><\/span><\/p>\n<\/div>\n\n\n\n\n\t\t\t<\/div> \n\t\t<\/div>\n\t<\/div> \n<\/div><\/div>\n\t\t<div id=\"fws_69dfe99b6028a\"  data-column-margin=\"default\" data-midnight=\"dark\"  class=\"wpb_row vc_row-fluid vc_row full-width-content has-row-bg-color vc_row-o-equal-height vc_row-flex vc_row-o-content-top  right_padding_14vw left_padding_14vw right_padding_tablet_4vw right_padding_phone_2vw left_padding_tablet_4vw left_padding_phone_2vw\"  style=\"padding-top: 15vh; padding-bottom: 15vh; --row-bg-color: #e6f0fa;\"><div class=\"row-bg-wrap\" data-bg-animation=\"none\" data-bg-animation-delay=\"\" data-bg-overlay=\"false\"><div class=\"inner-wrap row-bg-layer\" ><div class=\"row-bg viewport-desktop using-bg-color\"  style=\"background-color: #e6f0fa; \"><\/div><\/div><\/div><div class=\"row_col_wrap_12 col span_12 dark left\">\n\t<div style=\" color: #000000;\" class=\"vc_col-sm-12 wpb_column column_container vc_column_container col padding-3-percent inherit_tablet inherit_phone\" data-cfc=\"true\" data-using-bg=\"true\" data-border-radius=\"20px\" data-padding-pos=\"all\" data-has-bg-color=\"true\" data-bg-color=\"#ffffff\" data-bg-opacity=\"1\" data-animation=\"\" data-delay=\"0\" >\n\t\t<div class=\"vc_column-inner\" ><div class=\"column-bg-overlay-wrap column-bg-layer\" data-bg-animation=\"none\"><div class=\"column-bg-overlay\" style=\"opacity: 1; background-color: #ffffff;\"><\/div><\/div>\n\t\t\t<div class=\"wpb_wrapper\">\n\t\t\t\t<div id=\"fws_69dfe99b60a0d\" data-midnight=\"\" data-column-margin=\"default\" class=\"wpb_row vc_row-fluid vc_row inner_row vc_row-o-equal-height vc_row-flex vc_row-o-content-middle\"  style=\"\"><div class=\"row-bg-wrap\"> <div class=\"row-bg\" ><\/div> <\/div><div class=\"row_col_wrap_12_inner col span_12  left\">\n\t<div  class=\"vc_col-sm-6 wpb_column column_container vc_column_container col child_column no-extra-padding inherit_tablet inherit_phone\"   data-padding-pos=\"all\" data-has-bg-color=\"false\" data-bg-color=\"\" data-bg-opacity=\"1\" data-animation=\"\" data-delay=\"0\" >\n\t\t<div class=\"vc_column-inner\" >\n\t\t<div class=\"wpb_wrapper\">\n\t\t\t\n<div class=\"wpb_text_column wpb_content_element\" >\n\t<h2>- 1 -<\/h2>\n<p><strong>AGE :<\/strong> 40<br \/>\n<strong>LE NOMBRE DE SESSIONS :<\/strong> 6<br \/>\n<strong>OBJECTIF :<\/strong> R\u00e9adaptation post-mastoplastie, r\u00e9duction des risques<br \/>\nl'\u0153d\u00e8me et am\u00e9liorer l'aspect de l'h\u00e9matome<br \/>\n<strong>FR\u00c9QUENCE :<\/strong> Une fois par semaine<br \/>\n<strong>DUR\u00c9E DE LA S\u00c9ANCE :<\/strong> 20 minutes<br \/>\n<strong>R\u00c9SULTATS :<\/strong><\/p>\n<ul>\n<li>R\u00e9duction de l'\u0153d\u00e8me et de la fibrose<\/li>\n<\/ul>\n<\/div>\n\n\n\n\n\t\t<\/div> \n\t<\/div>\n\t<\/div> \n\n\t<div  class=\"vc_col-sm-6 wpb_column column_container vc_column_container col child_column no-extra-padding inherit_tablet inherit_phone\"   data-padding-pos=\"all\" data-has-bg-color=\"false\" data-bg-color=\"\" data-bg-opacity=\"1\" data-animation=\"\" data-delay=\"0\" >\n\t\t<div class=\"vc_column-inner\" >\n\t\t<div class=\"wpb_wrapper\">\n\t\t\t<div class=\"img-with-aniamtion-wrap\" data-max-width=\"100%\" data-max-width-mobile=\"default\" data-shadow=\"none\" data-animation=\"none\" >\n      <div class=\"inner\">\n        <div class=\"hover-wrap\" data-hover-animation=\"zoom\"> \n          <div class=\"hover-wrap-inner\">\n            <a href=\"https:\/\/icoone.com\/wp-content\/uploads\/2025\/04\/CASO-1-4.jpg\" class=\"pp\">\n              <img loading=\"lazy\" decoding=\"async\" class=\"img-with-animation skip-lazy nectar-lazy\" data-delay=\"0\" height=\"407\" width=\"884\" data-animation=\"none\" data-nectar-img-src=\"https:\/\/icoone.com\/wp-content\/uploads\/2025\/04\/CASO-1-4.jpg\" src=\"data:image\/svg+xml;charset=utf-8,%3Csvg%20xmlns%3D'http%3A%2F%2Fwww.w3.org%2F2000%2Fsvg'%20viewBox%3D'0%200%20884%20407'%2F%3E\" alt=\"\" data-nectar-img-srcset=\"https:\/\/icoone.com\/wp-content\/uploads\/2025\/04\/CASO-1-4.jpg 884w, https:\/\/icoone.com\/wp-content\/uploads\/2025\/04\/CASO-1-4-300x138.jpg 300w, https:\/\/icoone.com\/wp-content\/uploads\/2025\/04\/CASO-1-4-768x354.jpg 768w, https:\/\/icoone.com\/wp-content\/uploads\/2025\/04\/CASO-1-4-18x8.jpg 18w\" sizes=\"auto, (max-width: 884px) 100vw, 884px\" \/>\n            <\/a>\n          <\/div>\n        <\/div>\n         \n      <\/div>\n      <\/div>\n\t\t<\/div> \n\t<\/div>\n\t<\/div> \n<\/div><\/div>\n\t\t\t<\/div> \n\t\t<\/div>\n\t<\/div> \n<\/div><\/div>\n\t\t<div id=\"fws_69dfe99b625dc\"  data-column-margin=\"default\" data-midnight=\"dark\"  class=\"wpb_row vc_row-fluid vc_row full-width-content vc_row-o-equal-height vc_row-flex vc_row-o-content-top  right_padding_14vw left_padding_14vw right_padding_tablet_4vw right_padding_phone_2vw left_padding_tablet_4vw left_padding_phone_2vw\"  style=\"padding-top: 0px; padding-bottom: 0px; \"><div class=\"row-bg-wrap\" data-bg-animation=\"none\" data-bg-animation-delay=\"\" data-bg-overlay=\"true\"><div class=\"inner-wrap row-bg-layer\" ><div class=\"row-bg viewport-desktop\"  style=\"\"><\/div><\/div><div class=\"row-bg-overlay row-bg-layer\" style=\"background: linear-gradient(to bottom,#e6f0fa 0%,rgba(255,255,255,0.001) 75%);  opacity: 1; \"><\/div><\/div><div class=\"row_col_wrap_12 col span_12 dark left\">\n\t<div style=\" color: #000000;\" class=\"vc_col-sm-12 wpb_column column_container vc_column_container col centered-text top_padding_desktop_15vh\" data-cfc=\"true\"  data-border-radius=\"20px\" data-padding-pos=\"all\" data-has-bg-color=\"false\" data-bg-color=\"\" data-bg-opacity=\"1\" data-animation=\"\" data-delay=\"0\" >\n\t\t<div class=\"vc_column-inner\" >\n\t\t\t<div class=\"wpb_wrapper\">\n\t\t\t\t<div class=\"nectar-cta  hover_color_333333 text_hover_color_ffffff border_radius_35px alignment_tablet_center alignment_phone_center display_tablet_inherit display_phone_inherit\" data-color=\"black\" data-using-bg=\"true\" data-style=\"arrow-animation\" data-display=\"block\" data-alignment=\"center\" data-text-color=\"custom\" style=\"margin-top: 14px;  --nectar-text-color: #ffffff; --nectar-button-color: var(--nectar-black); --nectar-button-color-hover: #333333; --nectar-text-color-hover: #ffffff; --nectar-icon-gap: 10px; \"><h6 style=\"color: #ffffff;\"><span class=\"link_wrap\" style=\"padding-top: 20px; padding-right: 20px; padding-bottom: 20px; padding-left: 20px;\"><a  class=\"link_text\" role=\"button\" href=\"https:\/\/icoone.com\/fr\/resultats\/#risultati-medical\"><span class=\"text\">RETOUR \u00c0 LA PAGE DES R\u00c9SULTATS<\/span><svg class=\"next-arrow\" aria-hidden=\"true\" width=\"20px\" height=\"25px\" viewbox=\"0 0 50 80\" xml:space=\"preserve\">\n  <polyline stroke=\"#ffffff\" stroke-width=\"9\" fill=\"none\" stroke-linecap=\"round\" stroke-linejoin=\"round\" points=\"0, 0 45, 40 0, 80\"\/>\n  <\/svg>  <span aria-hidden=\"true\" class=\"line\"  style=\"background-color: #ffffff;\"><\/span> <\/a><\/span><\/h6><\/div>\n\t\t\t<\/div> \n\t\t<\/div>\n\t<\/div> \n<\/div><\/div>","protected":false},"excerpt":{"rendered":"RISULTATI CORPO ICOONE\u00ae PRIMA E DOPO Recupero post mastoplastica Risultati icoone\u00ae Medical: POST TAGLIO CESAREO RECUPERO POST LIPOSUZIONE BRUCIATURE RIDUZIONE FIBROSI \u2192 RECUPERO POST MASTOPLASTICA RIABILITAZIONE ARTOPLASTICA TRATTAMENTO DELLE CICATRICI...","protected":false},"author":1,"featured_media":0,"parent":64,"menu_order":0,"comment_status":"closed","ping_status":"closed","template":"","meta":{"content-type":"","footnotes":""},"class_list":["post-25089","page","type-page","status-publish"],"yoast_head":"<!-- This site is optimized with the Yoast SEO plugin v27.4 - https:\/\/yoast.com\/product\/yoast-seo-wordpress\/ -->\n<title>Tutti i consigli icoone\u00ae su bellezza, salute e benessere.<\/title>\n<meta name=\"description\" content=\"Esplora il blog di icoone\u00ae e scopri articoli sul mondo del beauty, della medicina estetica, della fisioterapia e del benessere.\" \/>\n<meta name=\"robots\" content=\"index, follow, max-snippet:-1, max-image-preview:large, max-video-preview:-1\" \/>\n<link rel=\"canonical\" href=\"https:\/\/icoone.com\/fr\/icoon-avant-apres\/recuperation-post-mastoplastie\/\" \/>\n<meta property=\"og:locale\" content=\"fr_FR\" \/>\n<meta property=\"og:type\" content=\"article\" \/>\n<meta property=\"og:title\" content=\"Tutti i consigli icoone\u00ae su bellezza, salute e benessere.\" \/>\n<meta property=\"og:description\" content=\"Esplora il blog di icoone\u00ae e scopri articoli sul mondo del beauty, della medicina estetica, della fisioterapia e del benessere.\" \/>\n<meta property=\"og:url\" content=\"https:\/\/icoone.com\/fr\/icoon-avant-apres\/recuperation-post-mastoplastie\/\" \/>\n<meta property=\"og:site_name\" content=\"icoone\" \/>\n<meta property=\"article:publisher\" content=\"https:\/\/www.facebook.com\/icooneww\/\" \/>\n<meta property=\"article:modified_time\" content=\"2026-04-10T12:18:36+00:00\" \/>\n<meta name=\"twitter:card\" content=\"summary_large_image\" \/>\n<meta name=\"twitter:label1\" content=\"Dur\u00e9e de lecture estim\u00e9e\" \/>\n\t<meta name=\"twitter:data1\" content=\"1 minute\" \/>\n<script type=\"application\/ld+json\" class=\"yoast-schema-graph\">{\"@context\":\"https:\\\/\\\/schema.org\",\"@graph\":[{\"@type\":\"WebPage\",\"@id\":\"https:\\\/\\\/icoone.com\\\/icoone-prima-dopo\\\/recupero-post-mastoplastica\\\/\",\"url\":\"https:\\\/\\\/icoone.com\\\/icoone-prima-dopo\\\/recupero-post-mastoplastica\\\/\",\"name\":\"Tutti i consigli icoone\u00ae su bellezza, salute e benessere.\",\"isPartOf\":{\"@id\":\"https:\\\/\\\/icoone.com\\\/#website\"},\"datePublished\":\"2025-04-01T13:06:15+00:00\",\"dateModified\":\"2026-04-10T12:18:36+00:00\",\"description\":\"Esplora il blog di icoone\u00ae e scopri articoli sul mondo del beauty, della medicina estetica, della fisioterapia e del benessere.\",\"breadcrumb\":{\"@id\":\"https:\\\/\\\/icoone.com\\\/icoone-prima-dopo\\\/recupero-post-mastoplastica\\\/#breadcrumb\"},\"inLanguage\":\"fr-FR\",\"potentialAction\":[{\"@type\":\"ReadAction\",\"target\":[\"https:\\\/\\\/icoone.com\\\/icoone-prima-dopo\\\/recupero-post-mastoplastica\\\/\"]}]},{\"@type\":\"BreadcrumbList\",\"@id\":\"https:\\\/\\\/icoone.com\\\/icoone-prima-dopo\\\/recupero-post-mastoplastica\\\/#breadcrumb\",\"itemListElement\":[{\"@type\":\"ListItem\",\"position\":1,\"name\":\"Home\",\"item\":\"https:\\\/\\\/icoone.com\\\/\"},{\"@type\":\"ListItem\",\"position\":2,\"name\":\"Risultati\",\"item\":\"https:\\\/\\\/icoone.com\\\/icoone-prima-dopo\\\/\"},{\"@type\":\"ListItem\",\"position\":3,\"name\":\"Recupero post mastoplastica\"}]},{\"@type\":\"WebSite\",\"@id\":\"https:\\\/\\\/icoone.com\\\/#website\",\"url\":\"https:\\\/\\\/icoone.com\\\/\",\"name\":\"icoone\",\"description\":\"\",\"publisher\":{\"@id\":\"https:\\\/\\\/icoone.com\\\/#organization\"},\"potentialAction\":[{\"@type\":\"SearchAction\",\"target\":{\"@type\":\"EntryPoint\",\"urlTemplate\":\"https:\\\/\\\/icoone.com\\\/?s={search_term_string}\"},\"query-input\":{\"@type\":\"PropertyValueSpecification\",\"valueRequired\":true,\"valueName\":\"search_term_string\"}}],\"inLanguage\":\"fr-FR\"},{\"@type\":\"Organization\",\"@id\":\"https:\\\/\\\/icoone.com\\\/#organization\",\"name\":\"icoone\",\"url\":\"https:\\\/\\\/icoone.com\\\/\",\"logo\":{\"@type\":\"ImageObject\",\"inLanguage\":\"fr-FR\",\"@id\":\"https:\\\/\\\/icoone.com\\\/#\\\/schema\\\/logo\\\/image\\\/\",\"url\":\"https:\\\/\\\/icoone.com\\\/wp-content\\\/uploads\\\/2025\\\/01\\\/cropped-logo-icoone-main-2.png\",\"contentUrl\":\"https:\\\/\\\/icoone.com\\\/wp-content\\\/uploads\\\/2025\\\/01\\\/cropped-logo-icoone-main-2.png\",\"width\":512,\"height\":512,\"caption\":\"icoone\"},\"image\":{\"@id\":\"https:\\\/\\\/icoone.com\\\/#\\\/schema\\\/logo\\\/image\\\/\"},\"sameAs\":[\"https:\\\/\\\/www.facebook.com\\\/icooneww\\\/\",\"https:\\\/\\\/www.linkedin.com\\\/company\\\/i-tech-industries-srl\\\/\",\"https:\\\/\\\/www.instagram.com\\\/icoone_ww\\\/\"]}]}<\/script>\n<!-- \/ Yoast SEO plugin. -->","yoast_head_json":{"title":"Tous les conseils icoone\u00ae sur la beaut\u00e9, la sant\u00e9 et le bien-\u00eatre.","description":"Explorez le blog icoone\u00ae et d\u00e9couvrez des articles sur le monde de la beaut\u00e9, de la m\u00e9decine esth\u00e9tique, de la physioth\u00e9rapie et du bien-\u00eatre.","robots":{"index":"index","follow":"follow","max-snippet":"max-snippet:-1","max-image-preview":"max-image-preview:large","max-video-preview":"max-video-preview:-1"},"canonical":"https:\/\/icoone.com\/fr\/icoon-avant-apres\/recuperation-post-mastoplastie\/","og_locale":"fr_FR","og_type":"article","og_title":"Tutti i consigli icoone\u00ae su bellezza, salute e benessere.","og_description":"Esplora il blog di icoone\u00ae e scopri articoli sul mondo del beauty, della medicina estetica, della fisioterapia e del benessere.","og_url":"https:\/\/icoone.com\/fr\/icoon-avant-apres\/recuperation-post-mastoplastie\/","og_site_name":"icoone","article_publisher":"https:\/\/www.facebook.com\/icooneww\/","article_modified_time":"2026-04-10T12:18:36+00:00","twitter_card":"summary_large_image","twitter_misc":{"Dur\u00e9e de lecture estim\u00e9e":"1 minute"},"schema":{"@context":"https:\/\/schema.org","@graph":[{"@type":"WebPage","@id":"https:\/\/icoone.com\/icoone-prima-dopo\/recupero-post-mastoplastica\/","url":"https:\/\/icoone.com\/icoone-prima-dopo\/recupero-post-mastoplastica\/","name":"Tous les conseils icoone\u00ae sur la beaut\u00e9, la sant\u00e9 et le bien-\u00eatre.","isPartOf":{"@id":"https:\/\/icoone.com\/#website"},"datePublished":"2025-04-01T13:06:15+00:00","dateModified":"2026-04-10T12:18:36+00:00","description":"Explorez le blog icoone\u00ae et d\u00e9couvrez des articles sur le monde de la beaut\u00e9, de la m\u00e9decine esth\u00e9tique, de la physioth\u00e9rapie et du bien-\u00eatre.","breadcrumb":{"@id":"https:\/\/icoone.com\/icoone-prima-dopo\/recupero-post-mastoplastica\/#breadcrumb"},"inLanguage":"fr-FR","potentialAction":[{"@type":"ReadAction","target":["https:\/\/icoone.com\/icoone-prima-dopo\/recupero-post-mastoplastica\/"]}]},{"@type":"BreadcrumbList","@id":"https:\/\/icoone.com\/icoone-prima-dopo\/recupero-post-mastoplastica\/#breadcrumb","itemListElement":[{"@type":"ListItem","position":1,"name":"Home","item":"https:\/\/icoone.com\/"},{"@type":"ListItem","position":2,"name":"Risultati","item":"https:\/\/icoone.com\/icoone-prima-dopo\/"},{"@type":"ListItem","position":3,"name":"Recupero post mastoplastica"}]},{"@type":"WebSite","@id":"https:\/\/icoone.com\/#website","url":"https:\/\/icoone.com\/","name":"icoon","description":"","publisher":{"@id":"https:\/\/icoone.com\/#organization"},"potentialAction":[{"@type":"SearchAction","target":{"@type":"EntryPoint","urlTemplate":"https:\/\/icoone.com\/?s={search_term_string}"},"query-input":{"@type":"PropertyValueSpecification","valueRequired":true,"valueName":"search_term_string"}}],"inLanguage":"fr-FR"},{"@type":"Organization","@id":"https:\/\/icoone.com\/#organization","name":"icoon","url":"https:\/\/icoone.com\/","logo":{"@type":"ImageObject","inLanguage":"fr-FR","@id":"https:\/\/icoone.com\/#\/schema\/logo\/image\/","url":"https:\/\/icoone.com\/wp-content\/uploads\/2025\/01\/cropped-logo-icoone-main-2.png","contentUrl":"https:\/\/icoone.com\/wp-content\/uploads\/2025\/01\/cropped-logo-icoone-main-2.png","width":512,"height":512,"caption":"icoone"},"image":{"@id":"https:\/\/icoone.com\/#\/schema\/logo\/image\/"},"sameAs":["https:\/\/www.facebook.com\/icooneww\/","https:\/\/www.linkedin.com\/company\/i-tech-industries-srl\/","https:\/\/www.instagram.com\/icoone_ww\/"]}]}},"_links":{"self":[{"href":"https:\/\/icoone.com\/fr\/wp-json\/wp\/v2\/pages\/25089","targetHints":{"allow":["GET"]}}],"collection":[{"href":"https:\/\/icoone.com\/fr\/wp-json\/wp\/v2\/pages"}],"about":[{"href":"https:\/\/icoone.com\/fr\/wp-json\/wp\/v2\/types\/page"}],"author":[{"embeddable":true,"href":"https:\/\/icoone.com\/fr\/wp-json\/wp\/v2\/users\/1"}],"replies":[{"embeddable":true,"href":"https:\/\/icoone.com\/fr\/wp-json\/wp\/v2\/comments?post=25089"}],"version-history":[{"count":11,"href":"https:\/\/icoone.com\/fr\/wp-json\/wp\/v2\/pages\/25089\/revisions"}],"predecessor-version":[{"id":27443,"href":"https:\/\/icoone.com\/fr\/wp-json\/wp\/v2\/pages\/25089\/revisions\/27443"}],"up":[{"embeddable":true,"href":"https:\/\/icoone.com\/fr\/wp-json\/wp\/v2\/pages\/64"}],"wp:attachment":[{"href":"https:\/\/icoone.com\/fr\/wp-json\/wp\/v2\/media?parent=25089"}],"curies":[{"name":"wp","href":"https:\/\/api.w.org\/{rel}","templated":true}]}}