{"id":62,"date":"2025-01-03T14:22:55","date_gmt":"2025-01-03T14:22:55","guid":{"rendered":"https:\/\/icoone.com\/?page_id=62"},"modified":"2025-05-20T09:12:11","modified_gmt":"2025-05-20T09:12:11","slug":"ce-quils-disent-de-nous","status":"publish","type":"page","link":"https:\/\/icoone.com\/fr\/dicono-di-noi\/","title":{"rendered":"T\u00e9moignages"},"content":{"rendered":"<div id=\"space\"  data-column-margin=\"default\" data-midnight=\"dark\"  class=\"wpb_row vc_row-fluid vc_row full-width-content vc_row-o-equal-height vc_row-flex vc_row-o-content-top  zindex-set\"  style=\"padding-top: 0px; padding-bottom: 0px;  z-index: 2;\"><div class=\"row-bg-wrap\" data-bg-animation=\"none\" data-bg-animation-delay=\"\" data-bg-overlay=\"false\"><div class=\"inner-wrap row-bg-layer\" ><div class=\"row-bg viewport-desktop\"  style=\"\"><\/div><\/div><\/div><div class=\"row_col_wrap_12 col span_12 dark left\">\n\t<div style=\"\" class=\"vc_col-sm-12 wpb_column column_container vc_column_container col has-animation no-extra-padding inherit_tablet inherit_phone\" data-using-bg=\"true\" data-padding-pos=\"all\" data-has-bg-color=\"true\" data-bg-color=\"#000000\" data-bg-opacity=\"1\" data-animation=\"reveal-from-top\" data-delay=\"150\" >\n\t\t<div class=\"vc_column-inner\" ><div class=\"column-bg-overlay-wrap column-bg-layer\" data-bg-animation=\"none\"><div class=\"column-bg-overlay\" style=\"opacity: 1; background-color: #000000;\"><\/div><\/div>\n\t\t\t<div class=\"wpb_wrapper\">\n\t\t\t\t<div class=\"divider-wrap\" data-alignment=\"default\"><div style=\"height: 200px;\" class=\"divider\"><\/div><\/div>\n\t\t\t<\/div> \n\t\t<\/div>\n\t<\/div> \n<\/div><\/div>\n\t\t<div id=\"hero\"  data-br=\"20px\" data-br-applies=\"bg\" data-column-margin=\"default\" data-midnight=\"dark\"  class=\"wpb_row vc_row-fluid vc_row full-width-content vc_row-o-equal-height vc_row-flex parallax_section top_margin_-40px zindex-set nectar-overflow-hidden\"  style=\"padding-top: 0px; padding-bottom: 0px;  z-index: 5;\"><div class=\"row-bg-wrap\" data-bg-animation=\"none\" data-bg-animation-delay=\"\" data-bg-overlay=\"false\"><div class=\"inner-wrap row-bg-layer\" ><div class=\"row-bg viewport-desktop\" data-parallax-speed=\"medium_fast\" style=\"\"><\/div><\/div><\/div><div class=\"row_col_wrap_12 col span_12 dark left\">\n\t<div style=\"\" class=\"vc_col-sm-12 wpb_column column_container vc_column_container col has-animation col-overflow-hidden left_padding_desktop_14vw top_padding_desktop_3vw right_padding_desktop_14vw bottom_padding_desktop_3vw\" data-using-bg=\"true\" data-border-radius=\"20px\" data-padding-pos=\"all\" data-has-bg-color=\"true\" data-bg-color=\"#ffffff\" data-bg-opacity=\"1\" data-animation=\"fade-in-from-bottom\" data-delay=\"0\" >\n\t\t<div class=\"vc_column-inner\" ><div class=\"column-bg-overlay-wrap column-bg-layer\" data-bg-animation=\"zoom-out\"><div class=\"column-bg-overlay\" style=\"opacity: 1; background-color: #ffffff;\"><\/div><\/div>\n\t\t\t<div class=\"wpb_wrapper\">\n\t\t\t\t<div class=\"nectar-split-heading\" data-align=\"default\" data-m-align=\"inherit\" data-text-effect=\"default\" data-animation-type=\"line-reveal-by-space\" data-animation-delay=\"0\" data-animation-offset=\"\" data-m-rm-animation=\"\" data-stagger=\"\" data-custom-font-size=\"false\" ><h6 style=\" color: #000000;\">ICOONE\u00ae -<\/h6><\/div><div class=\"nectar-split-heading  font_size_8vw\" data-align=\"default\" data-m-align=\"inherit\" data-text-effect=\"letter-reveal-bottom\" data-animation-type=\"line-reveal-by-space\" data-animation-delay=\"0\" data-animation-offset=\"\" data-m-rm-animation=\"\" data-stagger=\"true\" data-custom-font-size=\"true\" style=\"font-size: 8vw; line-height: 8.8vw;\"><h3 style=\" color: #000000;\">T\u00e9moignages<\/h3><\/div>\n<div class=\"wpb_text_column wpb_content_element\" >\n\t<h2>Les avis de ceux qui ont choisi icoone\u00ae.<\/h2>\n<\/div>\n\n\n\n\n<div class=\"wpb_text_column wpb_content_element\" >\n\t<p>Les personnes qui ont essay\u00e9 icoone\u00ae ont constat\u00e9 de r\u00e9els r\u00e9sultats sur leur peau. Lisez leurs commentaires et les avis des professionnels.<\/p>\n<\/div>\n\n\n\n<div class=\"testimonial_slider span_12 col font_size_desktop_20px font_line_height_1-2 desktop-width-50pct\" data-color=\"extra-color-2-dark\" data-rating-color=\"accent-color\" data-controls=\"next_prev_arrows\" data-add-border=\"\" data-autorotate=\"3000\" data-style=\"multiple_visible\" data-shadow=\"box-shadow: 0px 71px 74px -63px rgba(0,0,0,0.575);\"><div class=\"slides\"><div class=\"flickity-viewport\"> <div class=\"flickity-slider\"><blockquote> <div data-shadow=\"true\" class=\"image-icon has-bg\" style=\"background-image: url(https:\/\/icoone.com\/wp-content\/uploads\/2025\/01\/testimonial2.jpg);\">\u201c<\/div> <p>Le soin corps et visage \u00e9tait incroyable ! Tr\u00e8s relaxant !<span class=\"star-rating-wrap\"> <span class=\"star-rating\"><span style=\"width: 100%;\" class=\"filled\"><\/span><\/span><\/span> <span role=\"none\" class=\"bottom-arrow\"><\/span><\/p><span class=\"testimonial-name\">kristinai ourievna<\/span><span class=\"title\">@kristinaiourievna<\/span><\/blockquote><blockquote> <div data-shadow=\"true\" class=\"image-icon has-bg\" style=\"background-image: url(https:\/\/icoone.com\/wp-content\/uploads\/2025\/01\/testimonial3.jpg);\">\u201c<\/div> <p>Le traitement icoone est id\u00e9al pendant la grossesse. Il favorise la circulation sanguine, am\u00e9liore l'\u00e9lasticit\u00e9 et la tonicit\u00e9 de la peau et est id\u00e9al pour retrouver le poids id\u00e9al.<span class=\"star-rating-wrap\"> <span class=\"star-rating\"><span style=\"width: 100%;\" class=\"filled\"><\/span><\/span><\/span> <span role=\"none\" class=\"bottom-arrow\"><\/span><\/p><span class=\"testimonial-name\">Beatrice Valli<\/span><span class=\"title\">@vallibeatrice<\/span><\/blockquote><blockquote> <div data-shadow=\"true\" class=\"image-icon has-bg\" style=\"background-image: url(https:\/\/icoone.com\/wp-content\/uploads\/2025\/01\/testimonial1.jpg);\">\u201c<\/div> <p>Le traitement icoone a vraiment att\u00e9nu\u00e9 mon air fatigu\u00e9 et le rel\u00e2chement de ma peau. Je suis ravie d\u2019avoir saut\u00e9 le pas !<span class=\"star-rating-wrap\"> <span class=\"star-rating\"><span style=\"width: 100%;\" class=\"filled\"><\/span><\/span><\/span> <span role=\"none\" class=\"bottom-arrow\"><\/span><\/p><span class=\"testimonial-name\">Esther Louwerse<\/span><span class=\"title\">@esterlouwerse<\/span><\/blockquote><blockquote> <div data-shadow=\"true\" class=\"image-icon has-bg\" style=\"background-image: url(https:\/\/icoone.com\/wp-content\/uploads\/2025\/01\/testimonial4.jpg);\">\u201c<\/div> <p>Ce soir, j'ai re\u00e7u un traitement tr\u00e8s int\u00e9ressant, que j'ai absolument ador\u00e9.<span class=\"star-rating-wrap\"> <span class=\"star-rating\"><span style=\"width: 100%;\" class=\"filled\"><\/span><\/span><\/span> <span role=\"none\" class=\"bottom-arrow\"><\/span><\/p><span class=\"testimonial-name\">Amy Taylor<\/span><span class=\"title\">@amsies<\/span><\/blockquote><blockquote> <div data-shadow=\"true\" class=\"image-icon has-bg\" style=\"background-image: url(https:\/\/icoone.com\/wp-content\/uploads\/2025\/01\/testimonial5.jpg);\">\u201c<\/div> <p>Excellent soin,<br \/>\nid\u00e9al pour bien commencer la journ\u00e9e !<span class=\"star-rating-wrap\"> <span class=\"star-rating\"><span style=\"width: 100%;\" class=\"filled\"><\/span><\/span><\/span> <span role=\"none\" class=\"bottom-arrow\"><\/span><\/p><span class=\"testimonial-name\">Anne Marie Kortright Martinez<\/span><span class=\"title\">@annemkortright<\/span><\/blockquote><blockquote> <div data-shadow=\"true\" class=\"image-icon has-bg\" style=\"background-image: url(https:\/\/icoone.com\/wp-content\/uploads\/2025\/01\/testimonial6.jpg);\">\u201c<\/div> <p>J'ai re\u00e7u ma premi\u00e8re s\u00e9ance de massage lymphatique icoone sur mon visage et mon corps !<br \/>\nC'\u00e9tait incroyable et tellement relaxant !<br \/>\nJ'ai ador\u00e9 le r\u00e9sultat apr\u00e8s une seule s\u00e9ance.<span class=\"star-rating-wrap\"> <span class=\"star-rating\"><span style=\"width: 100%;\" class=\"filled\"><\/span><\/span><\/span> <span role=\"none\" class=\"bottom-arrow\"><\/span><\/p><span class=\"testimonial-name\">Cynthia Bailey<\/span><span class=\"title\">@cynthiabailey<\/span><\/blockquote><\/div><\/div><\/div><\/div>\n\t\t\t<\/div> \n\t\t<\/div>\n\t<\/div> \n<\/div><\/div>","protected":false},"excerpt":{"rendered":"ICOONE\u00aeIls parlent de nous Les avis de ceux qui ont choisi icoone\u00ae Ceux qui ont essay\u00e9 icoone\u00ae ont vu de vrais r\u00e9sultats sur leur peau. Lisez leurs commentaires et les avis des professionnels....","protected":false},"author":1,"featured_media":0,"parent":0,"menu_order":0,"comment_status":"closed","ping_status":"closed","template":"","meta":{"content-type":"","footnotes":""},"class_list":["post-62","page","type-page","status-publish"],"yoast_head":"<!-- This site is optimized with the Yoast SEO plugin v27.6 - https:\/\/yoast.com\/product\/yoast-seo-wordpress\/ -->\n<title>Dicono di noi - icoone<\/title>\n<meta name=\"robots\" content=\"index, follow, max-snippet:-1, max-image-preview:large, max-video-preview:-1\" \/>\n<link rel=\"canonical\" href=\"https:\/\/icoone.com\/fr\/ce-quils-disent-de-nous\/\" \/>\n<meta property=\"og:locale\" content=\"fr_FR\" \/>\n<meta property=\"og:type\" content=\"article\" \/>\n<meta property=\"og:title\" content=\"Dicono di noi - icoone\" \/>\n<meta property=\"og:url\" content=\"https:\/\/icoone.com\/fr\/ce-quils-disent-de-nous\/\" \/>\n<meta property=\"og:site_name\" content=\"icoone\" \/>\n<meta property=\"article:publisher\" content=\"https:\/\/www.facebook.com\/icooneww\/\" \/>\n<meta property=\"article:modified_time\" content=\"2025-05-20T09:12:11+00:00\" \/>\n<meta name=\"twitter:card\" content=\"summary_large_image\" \/>\n<meta name=\"twitter:label1\" content=\"Dur\u00e9e de lecture estim\u00e9e\" \/>\n\t<meta name=\"twitter:data1\" content=\"2 minutes\" \/>\n<script type=\"application\/ld+json\" class=\"yoast-schema-graph\">{\"@context\":\"https:\\\/\\\/schema.org\",\"@graph\":[{\"@type\":\"WebPage\",\"@id\":\"https:\\\/\\\/icoone.com\\\/dicono-di-noi\\\/\",\"url\":\"https:\\\/\\\/icoone.com\\\/dicono-di-noi\\\/\",\"name\":\"Dicono di noi - icoone\",\"isPartOf\":{\"@id\":\"https:\\\/\\\/icoone.com\\\/#website\"},\"datePublished\":\"2025-01-03T14:22:55+00:00\",\"dateModified\":\"2025-05-20T09:12:11+00:00\",\"breadcrumb\":{\"@id\":\"https:\\\/\\\/icoone.com\\\/dicono-di-noi\\\/#breadcrumb\"},\"inLanguage\":\"fr-FR\",\"potentialAction\":[{\"@type\":\"ReadAction\",\"target\":[\"https:\\\/\\\/icoone.com\\\/dicono-di-noi\\\/\"]}]},{\"@type\":\"BreadcrumbList\",\"@id\":\"https:\\\/\\\/icoone.com\\\/dicono-di-noi\\\/#breadcrumb\",\"itemListElement\":[{\"@type\":\"ListItem\",\"position\":1,\"name\":\"Home\",\"item\":\"https:\\\/\\\/icoone.com\\\/\"},{\"@type\":\"ListItem\",\"position\":2,\"name\":\"Dicono di noi\"}]},{\"@type\":\"WebSite\",\"@id\":\"https:\\\/\\\/icoone.com\\\/#website\",\"url\":\"https:\\\/\\\/icoone.com\\\/\",\"name\":\"icoone\",\"description\":\"\",\"publisher\":{\"@id\":\"https:\\\/\\\/icoone.com\\\/#organization\"},\"potentialAction\":[{\"@type\":\"SearchAction\",\"target\":{\"@type\":\"EntryPoint\",\"urlTemplate\":\"https:\\\/\\\/icoone.com\\\/?s={search_term_string}\"},\"query-input\":{\"@type\":\"PropertyValueSpecification\",\"valueRequired\":true,\"valueName\":\"search_term_string\"}}],\"inLanguage\":\"fr-FR\"},{\"@type\":\"Organization\",\"@id\":\"https:\\\/\\\/icoone.com\\\/#organization\",\"name\":\"icoone\",\"url\":\"https:\\\/\\\/icoone.com\\\/\",\"logo\":{\"@type\":\"ImageObject\",\"inLanguage\":\"fr-FR\",\"@id\":\"https:\\\/\\\/icoone.com\\\/#\\\/schema\\\/logo\\\/image\\\/\",\"url\":\"https:\\\/\\\/icoone.com\\\/wp-content\\\/uploads\\\/2025\\\/01\\\/cropped-logo-icoone-main-2.png\",\"contentUrl\":\"https:\\\/\\\/icoone.com\\\/wp-content\\\/uploads\\\/2025\\\/01\\\/cropped-logo-icoone-main-2.png\",\"width\":512,\"height\":512,\"caption\":\"icoone\"},\"image\":{\"@id\":\"https:\\\/\\\/icoone.com\\\/#\\\/schema\\\/logo\\\/image\\\/\"},\"sameAs\":[\"https:\\\/\\\/www.facebook.com\\\/icooneww\\\/\",\"https:\\\/\\\/www.linkedin.com\\\/company\\\/i-tech-industries-srl\\\/\",\"https:\\\/\\\/www.instagram.com\\\/icoone_ww\\\/\"]}]}<\/script>\n<!-- \/ Yoast SEO plugin. -->","yoast_head_json":{"title":"Ce qu'on dit de nous - icoone","robots":{"index":"index","follow":"follow","max-snippet":"max-snippet:-1","max-image-preview":"max-image-preview:large","max-video-preview":"max-video-preview:-1"},"canonical":"https:\/\/icoone.com\/fr\/ce-quils-disent-de-nous\/","og_locale":"fr_FR","og_type":"article","og_title":"Dicono di noi - icoone","og_url":"https:\/\/icoone.com\/fr\/ce-quils-disent-de-nous\/","og_site_name":"icoone","article_publisher":"https:\/\/www.facebook.com\/icooneww\/","article_modified_time":"2025-05-20T09:12:11+00:00","twitter_card":"summary_large_image","twitter_misc":{"Dur\u00e9e de lecture estim\u00e9e":"2 minutes"},"schema":{"@context":"https:\/\/schema.org","@graph":[{"@type":"WebPage","@id":"https:\/\/icoone.com\/dicono-di-noi\/","url":"https:\/\/icoone.com\/dicono-di-noi\/","name":"Ce qu'on dit de nous - icoone","isPartOf":{"@id":"https:\/\/icoone.com\/#website"},"datePublished":"2025-01-03T14:22:55+00:00","dateModified":"2025-05-20T09:12:11+00:00","breadcrumb":{"@id":"https:\/\/icoone.com\/dicono-di-noi\/#breadcrumb"},"inLanguage":"fr-FR","potentialAction":[{"@type":"ReadAction","target":["https:\/\/icoone.com\/dicono-di-noi\/"]}]},{"@type":"BreadcrumbList","@id":"https:\/\/icoone.com\/dicono-di-noi\/#breadcrumb","itemListElement":[{"@type":"ListItem","position":1,"name":"Home","item":"https:\/\/icoone.com\/"},{"@type":"ListItem","position":2,"name":"Dicono di noi"}]},{"@type":"WebSite","@id":"https:\/\/icoone.com\/#website","url":"https:\/\/icoone.com\/","name":"icoon","description":"","publisher":{"@id":"https:\/\/icoone.com\/#organization"},"potentialAction":[{"@type":"SearchAction","target":{"@type":"EntryPoint","urlTemplate":"https:\/\/icoone.com\/?s={search_term_string}"},"query-input":{"@type":"PropertyValueSpecification","valueRequired":true,"valueName":"search_term_string"}}],"inLanguage":"fr-FR"},{"@type":"Organization","@id":"https:\/\/icoone.com\/#organization","name":"icoon","url":"https:\/\/icoone.com\/","logo":{"@type":"ImageObject","inLanguage":"fr-FR","@id":"https:\/\/icoone.com\/#\/schema\/logo\/image\/","url":"https:\/\/icoone.com\/wp-content\/uploads\/2025\/01\/cropped-logo-icoone-main-2.png","contentUrl":"https:\/\/icoone.com\/wp-content\/uploads\/2025\/01\/cropped-logo-icoone-main-2.png","width":512,"height":512,"caption":"icoone"},"image":{"@id":"https:\/\/icoone.com\/#\/schema\/logo\/image\/"},"sameAs":["https:\/\/www.facebook.com\/icooneww\/","https:\/\/www.linkedin.com\/company\/i-tech-industries-srl\/","https:\/\/www.instagram.com\/icoone_ww\/"]}]}},"_links":{"self":[{"href":"https:\/\/icoone.com\/fr\/wp-json\/wp\/v2\/pages\/62","targetHints":{"allow":["GET"]}}],"collection":[{"href":"https:\/\/icoone.com\/fr\/wp-json\/wp\/v2\/pages"}],"about":[{"href":"https:\/\/icoone.com\/fr\/wp-json\/wp\/v2\/types\/page"}],"author":[{"embeddable":true,"href":"https:\/\/icoone.com\/fr\/wp-json\/wp\/v2\/users\/1"}],"replies":[{"embeddable":true,"href":"https:\/\/icoone.com\/fr\/wp-json\/wp\/v2\/comments?post=62"}],"version-history":[{"count":12,"href":"https:\/\/icoone.com\/fr\/wp-json\/wp\/v2\/pages\/62\/revisions"}],"predecessor-version":[{"id":25695,"href":"https:\/\/icoone.com\/fr\/wp-json\/wp\/v2\/pages\/62\/revisions\/25695"}],"wp:attachment":[{"href":"https:\/\/icoone.com\/fr\/wp-json\/wp\/v2\/media?parent=62"}],"curies":[{"name":"wp","href":"https:\/\/api.w.org\/{rel}","templated":true}]}}