{"id":68,"date":"2025-01-03T14:23:14","date_gmt":"2025-01-03T14:23:14","guid":{"rendered":"https:\/\/icoone.com\/?page_id=68"},"modified":"2025-08-25T13:19:00","modified_gmt":"2025-08-25T13:19:00","slug":"contacts","status":"publish","type":"page","link":"https:\/\/icoone.com\/fr\/contatti\/","title":{"rendered":"Contactez-nous"},"content":{"rendered":"\n\t\t<div id=\"space\"  data-column-margin=\"default\" data-midnight=\"dark\"  class=\"wpb_row vc_row-fluid vc_row full-width-content vc_row-o-equal-height vc_row-flex vc_row-o-content-top  zindex-set\"  style=\"padding-top: 0px; padding-bottom: 0px;  z-index: 2;\"><div class=\"row-bg-wrap\" data-bg-animation=\"none\" data-bg-animation-delay=\"\" data-bg-overlay=\"false\"><div class=\"inner-wrap row-bg-layer\" ><div class=\"row-bg viewport-desktop\"  style=\"\"><\/div><\/div><\/div><div class=\"row_col_wrap_12 col span_12 dark left\">\n\t<div style=\"\" class=\"vc_col-sm-12 wpb_column column_container vc_column_container col has-animation no-extra-padding inherit_tablet inherit_phone \" data-using-bg=\"true\" data-padding-pos=\"all\" data-has-bg-color=\"true\" data-bg-color=\"#000000\" data-bg-opacity=\"1\" data-animation=\"reveal-from-top\" data-delay=\"150\" >\n\t\t<div class=\"vc_column-inner\" ><div class=\"column-bg-overlay-wrap column-bg-layer\" data-bg-animation=\"none\"><div class=\"column-bg-overlay\" style=\"opacity: 1; background-color: #000000;\"><\/div><\/div>\n\t\t\t<div class=\"wpb_wrapper\">\n\t\t\t\t<div class=\"divider-wrap\" data-alignment=\"default\"><div style=\"height: 200px;\" class=\"divider\"><\/div><\/div>\n\t\t\t<\/div> \n\t\t<\/div>\n\t<\/div> \n<\/div><\/div>\n\t\t<div id=\"title\"  data-br=\"20px\" data-br-applies=\"bg\" data-column-margin=\"default\" data-midnight=\"dark\"  class=\"wpb_row vc_row-fluid vc_row full-width-content vc_row-o-equal-height vc_row-flex parallax_section top_margin_-40px zindex-set nectar-overflow-hidden\"  style=\"padding-top: 0px; padding-bottom: 0px;  z-index: 5;\"><div class=\"row-bg-wrap\" data-bg-animation=\"none\" data-bg-animation-delay=\"\" data-bg-overlay=\"false\"><div class=\"inner-wrap row-bg-layer\" ><div class=\"row-bg viewport-desktop\" data-parallax-speed=\"medium_fast\" style=\"\"><\/div><\/div><\/div><div class=\"row_col_wrap_12 col span_12 dark left\">\n\t<div style=\"\" class=\"vc_col-sm-12 wpb_column column_container vc_column_container col has-animation col-overflow-hidden left_padding_desktop_14vw top_padding_desktop_3vw right_padding_desktop_14vw \" data-using-bg=\"true\" data-border-radius=\"20px\" data-padding-pos=\"all\" data-has-bg-color=\"true\" data-bg-color=\"#f1efef\" data-bg-opacity=\"1\" data-animation=\"fade-in-from-bottom\" data-delay=\"0\" >\n\t\t<div class=\"vc_column-inner\" ><div class=\"column-bg-overlay-wrap column-bg-layer\" data-bg-animation=\"zoom-out\"><div class=\"column-bg-overlay\" style=\"opacity: 1; background-color: #f1efef;\"><\/div><\/div>\n\t\t\t<div class=\"wpb_wrapper\">\n\t\t\t\t<div class=\"nectar-split-heading \" data-align=\"default\" data-m-align=\"inherit\" data-text-effect=\"default\" data-animation-type=\"line-reveal-by-space\" data-animation-delay=\"0\" data-animation-offset=\"\" data-m-rm-animation=\"\" data-stagger=\"\" data-custom-font-size=\"false\" ><h6 style=\" color: #000000;\">ICOONE\u00ae<\/h6><\/div><div class=\"nectar-split-heading  font_size_8vw \" data-align=\"default\" data-m-align=\"inherit\" data-text-effect=\"letter-reveal-bottom\" data-animation-type=\"line-reveal-by-space\" data-animation-delay=\"0\" data-animation-offset=\"\" data-m-rm-animation=\"\" data-stagger=\"true\" data-custom-font-size=\"true\" style=\"font-size: 8vw; line-height: 8.8vw;\"><h3 style=\" color: #000000;\">Contatti<\/h3><\/div>\n\t\t\t<\/div> \n\t\t<\/div>\n\t<\/div> \n<\/div><\/div>\n\t\t<div id=\"title\"  data-br=\"20px\" data-br-applies=\"bg\" data-column-margin=\"default\" data-midnight=\"dark\"  class=\"wpb_row vc_row-fluid vc_row full-width-content vc_row-o-equal-height vc_row-flex parallax_section bottom_margin_10vh zindex-set nectar-overflow-hidden\"  style=\"padding-top: 0px; padding-bottom: 0px;  z-index: 5;\"><div class=\"row-bg-wrap\" data-bg-animation=\"none\" data-bg-animation-delay=\"\" data-bg-overlay=\"false\"><div class=\"inner-wrap row-bg-layer\" ><div class=\"row-bg viewport-desktop\" data-parallax-speed=\"medium_fast\" style=\"\"><\/div><\/div><\/div><div class=\"row_col_wrap_12 col span_12 dark left\">\n\t<div  class=\"vc_col-sm-12 wpb_column column_container vc_column_container col col-overflow-hidden left_padding_desktop_14vw right_padding_desktop_14vw bottom_padding_desktop_3vw \"  data-border-radius=\"20px\" data-padding-pos=\"all\" data-has-bg-color=\"false\" data-bg-color=\"\" data-bg-opacity=\"1\" data-animation=\"\" data-delay=\"0\" >\n\t\t<div class=\"vc_column-inner\" >\n\t\t\t<div class=\"wpb_wrapper\">\n\t\t\t\t\n<div class=\"wpb_text_column wpb_content_element \" >\n\t<h2>Siamo qui per ascoltare la tua richiesta:<\/h2>\n<\/div>\n\n\n\n\n<div class=\"wpb_text_column wpb_content_element \" >\n\t<h4>scrivici e ti risponderemo al pi\u00f9 presto con la soluzione su misura.<\/h4>\n<\/div>\n\n\n\n<div id=\"fws_69e269738f5d5\" data-midnight=\"\" data-column-margin=\"default\" class=\"wpb_row vc_row-fluid vc_row inner_row\"  style=\"\"><div class=\"row-bg-wrap\"> <div class=\"row-bg\" ><\/div> <\/div><div class=\"row_col_wrap_12_inner col span_12  left\">\n\t<div style=\"\" class=\"vc_col-sm-12 wpb_column column_container vc_column_container col child_column padding-2-percent inherit_tablet inherit_phone \"  data-using-bg=\"true\" data-border-radius=\"20px\" data-padding-pos=\"all\" data-has-bg-color=\"true\" data-bg-color=\"#ffffff\" data-bg-opacity=\"1\" data-animation=\"\" data-delay=\"0\" >\n\t\t<div class=\"vc_column-inner\" ><div class=\"column-bg-overlay-wrap column-bg-layer\" data-bg-animation=\"none\"><div class=\"column-bg-overlay\" style=\"opacity: 1; background-color: #ffffff;\"><\/div><\/div>\n\t\t<div class=\"wpb_wrapper\">\n\t\t\t\n<div class=\"wpcf7 no-js\" id=\"wpcf7-f2782-o1\" lang=\"it-IT\" dir=\"ltr\" data-wpcf7-id=\"2782\">\n<div class=\"screen-reader-response\"><p role=\"status\" aria-live=\"polite\" aria-atomic=\"true\"><\/p> <ul><\/ul><\/div>\n<form action=\"\/fr\/wp-json\/wp\/v2\/pages\/68#wpcf7-f2782-o1\" method=\"post\" class=\"wpcf7-form init\" aria-label=\"Modulo di contatto\" novalidate=\"novalidate\" data-status=\"init\">\n<fieldset class=\"hidden-fields-container\"><input type=\"hidden\" name=\"_wpcf7\" value=\"2782\" \/><input type=\"hidden\" name=\"_wpcf7_version\" value=\"6.1.5\" \/><input type=\"hidden\" name=\"_wpcf7_locale\" value=\"it_IT\" \/><input type=\"hidden\" name=\"_wpcf7_unit_tag\" value=\"wpcf7-f2782-o1\" \/><input type=\"hidden\" name=\"_wpcf7_container_post\" value=\"0\" \/><input type=\"hidden\" name=\"_wpcf7_posted_data_hash\" value=\"\" \/><input type=\"hidden\" name=\"_wpcf7_recaptcha_response\" value=\"\" \/>\n<\/fieldset>\n<input class=\"wpcf7-form-control wpcf7-hidden\" value=\"\" type=\"hidden\" name=\"your-language\" \/>\n<div style=\"width:47%; float:left;\">\n\t<p>Nome: <span class=\"wpcf7-form-control-wrap\" data-name=\"your-name\"><input size=\"40\" maxlength=\"400\" class=\"wpcf7-form-control wpcf7-text wpcf7-validates-as-required\" aria-required=\"true\" aria-invalid=\"false\" value=\"\" type=\"text\" name=\"your-name\" \/><\/span>\n\t<\/p>\n<\/div>\n<div style=\"width:47%; float:left; margin-left:5%;\">\n\t<p>Cognome: <span class=\"wpcf7-form-control-wrap\" data-name=\"your-surname\"><input size=\"40\" maxlength=\"400\" class=\"wpcf7-form-control wpcf7-text wpcf7-validates-as-required\" aria-required=\"true\" aria-invalid=\"false\" value=\"\" type=\"text\" name=\"your-surname\" \/><\/span>\n\t<\/p>\n<\/div>\n<div style=\"clear:both;     margin-bottom: 20px;\">\n<\/div>\n<div style=\"width:47%; float:left;\">\n\t<p>Indirizzo: <span class=\"wpcf7-form-control-wrap\" data-name=\"your-indirizzo\"><input size=\"40\" maxlength=\"400\" class=\"wpcf7-form-control wpcf7-text\" aria-invalid=\"false\" value=\"\" type=\"text\" name=\"your-indirizzo\" \/><\/span>\n\t<\/p>\n<\/div>\n<div style=\"width:47%; float:left; margin-left:5%;\">\n\t<p>Cap: <span class=\"wpcf7-form-control-wrap\" data-name=\"your-cap\"><input size=\"40\" maxlength=\"400\" class=\"wpcf7-form-control wpcf7-text\" aria-invalid=\"false\" value=\"\" type=\"text\" name=\"your-cap\" \/><\/span>\n\t<\/p>\n<\/div>\n<div style=\"clear:both;     margin-bottom: 20px;\">\n<\/div>\n<div style=\"width:47%; float:left;\">\n\t<p>Citt\u00e0: <span class=\"wpcf7-form-control-wrap\" data-name=\"your-citta\"><input size=\"40\" maxlength=\"400\" class=\"wpcf7-form-control wpcf7-text\" aria-invalid=\"false\" value=\"\" type=\"text\" name=\"your-citta\" \/><\/span>\n\t<\/p>\n<\/div>\n<div style=\"width:47%; float:left; margin-left:5%;\">\n\t<p>Stato: <span class=\"wpcf7-form-control-wrap\" data-name=\"your-stato\"><input size=\"40\" maxlength=\"400\" class=\"wpcf7-form-control wpcf7-text wpcf7-validates-as-required\" aria-required=\"true\" aria-invalid=\"false\" value=\"\" type=\"text\" name=\"your-stato\" \/><\/span>\n\t<\/p>\n<\/div>\n<div style=\"clear:both;     margin-bottom: 20px;\">\n<\/div>\n<div style=\"width:47%; float:left;\">\n\t<p>E-mail: <span class=\"wpcf7-form-control-wrap\" data-name=\"your-email\"><input size=\"40\" maxlength=\"400\" class=\"wpcf7-form-control wpcf7-email wpcf7-validates-as-required wpcf7-text wpcf7-validates-as-email\" aria-required=\"true\" aria-invalid=\"false\" value=\"\" type=\"email\" name=\"your-email\" \/><\/span>\n\t<\/p>\n<\/div>\n<div style=\"width:47%; float:left; margin-left:5%;\">\n\t<p>Telefono: <span class=\"wpcf7-form-control-wrap\" data-name=\"your-telefono\"><input size=\"40\" maxlength=\"400\" class=\"wpcf7-form-control wpcf7-text wpcf7-validates-as-required\" aria-required=\"true\" aria-invalid=\"false\" value=\"\" type=\"text\" name=\"your-telefono\" \/><\/span>\n\t<\/p>\n<\/div>\n<div style=\"clear:both;     margin-bottom: 20px;\">\n<\/div>\n<div style=\"width:47%; float:left;\">\n\t<p>Tipologia: <span class=\"wpcf7-form-control-wrap\" data-name=\"your-tipologia\"><select class=\"wpcf7-form-control wpcf7-select wpcf7-validates-as-required\" aria-required=\"true\" aria-invalid=\"false\" name=\"your-tipologia\"><option value=\"\">Scegli un&#039;opzione<\/option><option value=\"Beauty o Operatore medico\">Beauty o Operatore medico<\/option><option value=\"Cliente Privato\">Cliente Privato<\/option><\/select><\/span>\n\t<\/p>\n<\/div>\n<div style=\"width:47%; float:left; margin-left:5%;\">\n\t<p>Professione: <span class=\"wpcf7-form-control-wrap\" data-name=\"your-professione\"><select class=\"wpcf7-form-control wpcf7-select wpcf7-validates-as-required\" aria-required=\"true\" aria-invalid=\"false\" name=\"your-professione\"><option value=\"\">Scegli un&#039;opzione<\/option><option value=\"Fisioterapista\">Fisioterapista<\/option><option value=\"Personal trainer\">Personal trainer<\/option><option value=\"Estetista\">Estetista<\/option><option value=\"Dermatologo\">Dermatologo<\/option><option value=\"Terapista della pelle\">Terapista della pelle<\/option><option value=\"Terapista SPA\">Terapista SPA<\/option><option value=\"SPA Manager\">SPA Manager<\/option><option value=\"Chirurgo estetico\">Chirurgo estetico<\/option><option value=\"Altro\">Altro<\/option><\/select><\/span>\n\t<\/p>\n<\/div>\n<div style=\"clear:both;     margin-bottom: 20px;\">\n<\/div>\n<div style=\" margin-top:40px;\">\n\t<p style=\"padding-bottom: 0px;\">Messaggio: <span class=\"wpcf7-form-control-wrap\" data-name=\"your-messaggio\"><textarea cols=\"40\" rows=\"2\" maxlength=\"2000\" class=\"wpcf7-form-control wpcf7-textarea wpcf7-validates-as-required form-control\" aria-required=\"true\" aria-invalid=\"false\" name=\"your-messaggio\"><\/textarea><\/span>\n\t<\/p>\n<\/div>\n<div style=\" margin-top:20px;\">\n\t<div style=\"    float: left;    width: 5%;\">\n\t\t<p><span class=\"wpcf7-form-control-wrap\" data-name=\"acconsento\"><span class=\"wpcf7-form-control wpcf7-acceptance\"><span class=\"wpcf7-list-item\"><input type=\"checkbox\" name=\"acconsento\" value=\"1\" aria-invalid=\"false\" \/><\/span><\/span><\/span>\n\t\t<\/p>\n\t<\/div>\n\t<div style=\"float: left !important;width: 95%;\">\n\t\t<p>Accetto il trattamento dei miei dati personali da parte di I-Tech Industries s.r.l. come definito nell'<a style=\"text-decoration: underline; color:#000  !important;\" href=\"https:\/\/i-techindustries.com\/privacy-policy\/\" target=\"_black\">Informativa ai sensi del nuovo regolamento UE 2016\/679 (GDPR) e del D.Lgs. n. 196\/2003.<br \/>\n<\/a>\n\t\t<\/p>\n\t<\/div>\n\t<div style=\" margin-top:20px;\">\n\t\t<div style=\"    float: left; width: 5%;\">\n\t\t\t<p><span class=\"wpcf7-form-control-wrap\" data-name=\"acconsento\"><span class=\"wpcf7-form-control wpcf7-acceptance\"><span class=\"wpcf7-list-item\"><input type=\"checkbox\" name=\"acconsento\" value=\"1\" aria-invalid=\"false\" \/><\/span><\/span><\/span>\n\t\t\t<\/p>\n\t\t<\/div>\n\t\t<div style=\"float: left !important;width: 95%;\">\n\t\t\t<p>Confermo di aver preso visione dell'<a style=\"text-decoration: underline; color:#000  !important;\n\" href=\"https:\/\/i-techindustries.com\/privacy-policy\/\" target=\"_black\" > informativa sulla privacy<\/a> per la raccolta dati relativa all'invio della richiesta.\n\t\t\t<\/p>\n\t\t<\/div>\n\t\t<div style=\"clear:both;\">\n\t\t<\/div>\n\t<\/div>\n\t<div style=\" margin-top:40px;\">\n\t\t<p><input class=\"wpcf7-form-control wpcf7-submit has-spinner\" type=\"submit\" value=\"INVIA\" \/>\n\t\t<\/p>\n\t<\/div>\n\t<style>\n.wpcf7-list-item { display: inline-block; margin: 0; }\n.wpcf7 .wpcf7-response-output { background-color: #fff !important; color: #000 !important;}\n.wpcf7 form.sent .wpcf7-response-output { color: #000 !important; border: 0 !important; }\nbody[data-fancy-form-rcs=\"1\"] .select2-container--default:hover .select2-selection--single .select2-selection__rendered, body[data-fancy-form-rcs=\"1\"] .select2-container--default.select2-container--open .select2-selection--single .select2-selection__rendered { color: #000 !important; }\nbody[data-form-style=\"minimal\"] label:after, body .recent_projects_widget a:hover img, .recent_projects_widget a:hover img, #sidebar #flickr a:hover img, body .nectar-button.see-through-2[data-hover-color-override=\"false\"]:hover, #footer-outer #flickr a:hover img, #featured article .post-title a:hover, body #featured article .post-title a:hover, div.wpcf7-validation-errors, .select2-container .select2-choice:hover, .select2-dropdown-open .select2-choice, body:not(.original) .bypostauthor img.avatar, .material blockquote::before, blockquote.wp-block-quote:before, #header-outer:not(.transparent) #top nav > ul > .button_bordered > a:hover:before, .single #project-meta ul li:not(.meta-share-count):hover a, body[data-button-style=\"rounded\"] #pagination > a:hover, body[data-form-submit=\"see-through\"] input[type=submit], body[data-form-submit=\"see-through\"] button[type=submit], .span_12.dark .nectar_video_lightbox.play_button_with_text[data-color=\"default-accent-color\"] .play:before, .span_12.dark .nectar_video_lightbox.play_button_with_text[data-color=\"default-accent-color\"] .play:after, #header-secondary-outer[data-lhe=\"animated_underline\"] nav > .sf-menu >li >a .menu-title-text:after, body.material .nectar-button.see-through.accent-color[data-color-override=\"false\"], .woocommerce-page.material .widget_price_filter .ui-slider .ui-slider-handle, body[data-form-submit=\"see-through\"] button[type=submit]:not(.search-widget-btn), .woocommerce-account[data-form-submit=\"see-through\"] .woocommerce-form-login button.button, .woocommerce-account[data-form-submit=\"see-through\"] .woocommerce-form-register button.button, body[data-form-submit=\"see-through\"] .woocommerce #order_review #payment #place_order, body[data-fancy-form-rcs=\"1\"] .select2-container--default .select2-selection--single:hover, body[data-fancy-form-rcs=\"1\"] .select2-container--default.select2-container--open .select2-selection--single, .gallery a:hover img { border-color: #000000 !important; }\nbody[data-fancy-form-rcs=\"1\"] .select2-container:not(.select2-dropdown-open) .select2-choice:hover .select2-arrow b:after, body[data-fancy-form-rcs=\"1\"] .select2-container--default:hover .select2-selection--single .select2-selection__arrow b, body[data-fancy-form-rcs=\"1\"] .select2-container--open .select2-selection__arrow b { border-top-color: #000000; }\nbody[data-fancy-form-rcs=\"1\"] .select2-dropdown-open .select2-choice .select2-arrow b:after, body[data-fancy-form-rcs=\"1\"] .select2-container--default:hover .select2-selection--single .select2-selection__arrow b, body[data-fancy-form-rcs=\"1\"] .select2-container--open .select2-selection--single .select2-selection__arrow b { border-bottom-color: #000000; }\n\t<\/style>\n\t<p><script>\ndocument.addEventListener('DOMContentLoaded', function() {\n let userLang = navigator.language || navigator.userLanguage; \/\/ Ottiene la lingua del browser\n document.querySelector('input[name=\"your-language\"]').value = userLang.split('-')[0]; \/\/ Salva solo il codice principale (es. \"en\", \"it\")\n});\n<\/script>\n\t<\/p>\n<\/div><div class=\"wpcf7-response-output\" aria-hidden=\"true\"><\/div>\n<\/form>\n<\/div>\n\n\t\t<\/div> \n\t<\/div>\n\t<\/div> \n<\/div><\/div>\n\t\t\t<\/div> \n\t\t<\/div>\n\t<\/div> \n<\/div><\/div>\n\t\t<div id=\"fws_69e2697398a6f\"  data-column-margin=\"custom\" data-midnight=\"dark\"  class=\"wpb_row vc_row-fluid vc_row full-width-content vc_row-o-equal-height vc_row-flex vc_row-o-content-middle  bottom_margin_15vh reverse_columns_column_tablet reverse_columns_column_phone column-margin-2vw right_padding_tablet_4vw left_padding_tablet_4vw\"  style=\"padding-top: 0px; padding-bottom: 0px; \"><div class=\"row-bg-wrap\" data-bg-animation=\"none\" data-bg-animation-delay=\"\" data-bg-overlay=\"false\"><div class=\"inner-wrap row-bg-layer\" ><div class=\"row-bg viewport-desktop\"  style=\"\"><\/div><\/div><\/div><div class=\"row_col_wrap_12 col span_12 dark left\">\n\t<div style=\"\" class=\"vc_col-sm-6 wpb_column column_container vc_column_container col no-extra-padding inherit_tablet inherit_phone tr_br_5vw br_br_20px \" data-using-bg=\"true\" data-bg-cover=\"true\" data-padding-pos=\"all\" data-has-bg-color=\"false\" data-bg-color=\"\" data-bg-opacity=\"1\" data-animation=\"\" data-delay=\"0\" >\n\t\t<div class=\"vc_column-inner\" ><div class=\"column-image-bg-wrap column-bg-layer viewport-desktop\" data-n-parallax-bg=\"true\" data-parallax-speed=\"very_subtle\" data-bg-pos=\"left center\" data-bg-animation=\"none\" data-bg-overlay=\"false\"><div class=\"inner-wrap\"><div class=\"column-image-bg parallax-layer\" style=\"\" data-nectar-img-src=\"https:\/\/icoone.com\/wp-content\/uploads\/2025\/03\/banner-distributor.png\"><\/div><\/div><\/div>\n\t\t\t<div class=\"wpb_wrapper\">\n\t\t\t\t<div class=\"divider-wrap\" data-alignment=\"default\"><div style=\"height: 35vw;\" class=\"divider\"><\/div><\/div>\n\t\t\t<\/div> \n\t\t<\/div>\n\t<\/div> \n\n\t<div  class=\"vc_col-sm-6 wpb_column column_container vc_column_container col top_margin_tablet_4vw bottom_margin_tablet_4vw left_padding_desktop_3vw right_padding_desktop_14vw \"  data-padding-pos=\"all\" data-has-bg-color=\"false\" data-bg-color=\"\" data-bg-opacity=\"1\" data-animation=\"\" data-delay=\"0\" >\n\t\t<div class=\"vc_column-inner\" >\n\t\t\t<div class=\"wpb_wrapper\">\n\t\t\t\t\n<div class=\"wpb_text_column wpb_content_element \" >\n\t<h2>Headquarters<\/h2>\n<\/div>\n\n\n\n\n<div class=\"wpb_text_column wpb_content_element \" >\n\t<p><strong>I-Tech Industries s.r.l.<\/strong><br \/>\nVia I Maggio 4\/Q<br \/>\n40057 Granarolo Emilia &#8211; Loc. Quarto Inferiore<br \/>\nBOLOGNA &#8211; ITALY<\/p>\n<p>Phone: +39 051 6259797<\/p>\n<\/div>\n\n\n\n\n\t\t\t<\/div> \n\t\t<\/div>\n\t<\/div> \n<\/div><\/div>\n","protected":false},"excerpt":{"rendered":"ICOONE\u00aeContact Nous sommes \u00e0 l'\u00e9coute de votre demande : \u00e9crivez-nous et nous vous r\u00e9pondrons dans les plus brefs d\u00e9lais avec une solution sur mesure. Nom : Pr\u00e9nom : Adresse : Code postal : Ville : Etat : E-mail : T\u00e9l\u00e9phone : Type : Choisissez...","protected":false},"author":1,"featured_media":0,"parent":0,"menu_order":0,"comment_status":"closed","ping_status":"closed","template":"","meta":{"content-type":"","footnotes":""},"class_list":["post-68","page","type-page","status-publish"],"yoast_head":"<!-- This site is optimized with the Yoast SEO plugin v27.4 - https:\/\/yoast.com\/product\/yoast-seo-wordpress\/ -->\n<title>Contatti - icoone<\/title>\n<meta name=\"robots\" content=\"index, follow, max-snippet:-1, max-image-preview:large, max-video-preview:-1\" \/>\n<link rel=\"canonical\" href=\"https:\/\/icoone.com\/fr\/contacts\/\" \/>\n<meta property=\"og:locale\" content=\"fr_FR\" \/>\n<meta property=\"og:type\" content=\"article\" \/>\n<meta property=\"og:title\" content=\"Contatti - icoone\" \/>\n<meta property=\"og:url\" content=\"https:\/\/icoone.com\/fr\/contacts\/\" \/>\n<meta property=\"og:site_name\" content=\"icoone\" \/>\n<meta property=\"article:publisher\" content=\"https:\/\/www.facebook.com\/icooneww\/\" \/>\n<meta property=\"article:modified_time\" content=\"2025-08-25T13:19:00+00:00\" \/>\n<meta name=\"twitter:card\" content=\"summary_large_image\" \/>\n<meta name=\"twitter:label1\" content=\"Dur\u00e9e de lecture estim\u00e9e\" \/>\n\t<meta name=\"twitter:data1\" content=\"1 minute\" \/>\n<script type=\"application\/ld+json\" class=\"yoast-schema-graph\">{\"@context\":\"https:\\\/\\\/schema.org\",\"@graph\":[{\"@type\":\"WebPage\",\"@id\":\"https:\\\/\\\/icoone.com\\\/contatti\\\/\",\"url\":\"https:\\\/\\\/icoone.com\\\/contatti\\\/\",\"name\":\"Contatti - icoone\",\"isPartOf\":{\"@id\":\"https:\\\/\\\/icoone.com\\\/#website\"},\"datePublished\":\"2025-01-03T14:23:14+00:00\",\"dateModified\":\"2025-08-25T13:19:00+00:00\",\"breadcrumb\":{\"@id\":\"https:\\\/\\\/icoone.com\\\/contatti\\\/#breadcrumb\"},\"inLanguage\":\"fr-FR\",\"potentialAction\":[{\"@type\":\"ReadAction\",\"target\":[\"https:\\\/\\\/icoone.com\\\/contatti\\\/\"]}]},{\"@type\":\"BreadcrumbList\",\"@id\":\"https:\\\/\\\/icoone.com\\\/contatti\\\/#breadcrumb\",\"itemListElement\":[{\"@type\":\"ListItem\",\"position\":1,\"name\":\"Home\",\"item\":\"https:\\\/\\\/icoone.com\\\/\"},{\"@type\":\"ListItem\",\"position\":2,\"name\":\"Contatti\"}]},{\"@type\":\"WebSite\",\"@id\":\"https:\\\/\\\/icoone.com\\\/#website\",\"url\":\"https:\\\/\\\/icoone.com\\\/\",\"name\":\"icoone\",\"description\":\"\",\"publisher\":{\"@id\":\"https:\\\/\\\/icoone.com\\\/#organization\"},\"potentialAction\":[{\"@type\":\"SearchAction\",\"target\":{\"@type\":\"EntryPoint\",\"urlTemplate\":\"https:\\\/\\\/icoone.com\\\/?s={search_term_string}\"},\"query-input\":{\"@type\":\"PropertyValueSpecification\",\"valueRequired\":true,\"valueName\":\"search_term_string\"}}],\"inLanguage\":\"fr-FR\"},{\"@type\":\"Organization\",\"@id\":\"https:\\\/\\\/icoone.com\\\/#organization\",\"name\":\"icoone\",\"url\":\"https:\\\/\\\/icoone.com\\\/\",\"logo\":{\"@type\":\"ImageObject\",\"inLanguage\":\"fr-FR\",\"@id\":\"https:\\\/\\\/icoone.com\\\/#\\\/schema\\\/logo\\\/image\\\/\",\"url\":\"https:\\\/\\\/icoone.com\\\/wp-content\\\/uploads\\\/2025\\\/01\\\/cropped-logo-icoone-main-2.png\",\"contentUrl\":\"https:\\\/\\\/icoone.com\\\/wp-content\\\/uploads\\\/2025\\\/01\\\/cropped-logo-icoone-main-2.png\",\"width\":512,\"height\":512,\"caption\":\"icoone\"},\"image\":{\"@id\":\"https:\\\/\\\/icoone.com\\\/#\\\/schema\\\/logo\\\/image\\\/\"},\"sameAs\":[\"https:\\\/\\\/www.facebook.com\\\/icooneww\\\/\",\"https:\\\/\\\/www.linkedin.com\\\/company\\\/i-tech-industries-srl\\\/\",\"https:\\\/\\\/www.instagram.com\\\/icoone_ww\\\/\"]}]}<\/script>\n<!-- \/ Yoast SEO plugin. -->","yoast_head_json":{"title":"Contacts - icoone","robots":{"index":"index","follow":"follow","max-snippet":"max-snippet:-1","max-image-preview":"max-image-preview:large","max-video-preview":"max-video-preview:-1"},"canonical":"https:\/\/icoone.com\/fr\/contacts\/","og_locale":"fr_FR","og_type":"article","og_title":"Contatti - icoone","og_url":"https:\/\/icoone.com\/fr\/contacts\/","og_site_name":"icoone","article_publisher":"https:\/\/www.facebook.com\/icooneww\/","article_modified_time":"2025-08-25T13:19:00+00:00","twitter_card":"summary_large_image","twitter_misc":{"Dur\u00e9e de lecture estim\u00e9e":"1 minute"},"schema":{"@context":"https:\/\/schema.org","@graph":[{"@type":"WebPage","@id":"https:\/\/icoone.com\/contatti\/","url":"https:\/\/icoone.com\/contatti\/","name":"Contacts - icoone","isPartOf":{"@id":"https:\/\/icoone.com\/#website"},"datePublished":"2025-01-03T14:23:14+00:00","dateModified":"2025-08-25T13:19:00+00:00","breadcrumb":{"@id":"https:\/\/icoone.com\/contatti\/#breadcrumb"},"inLanguage":"fr-FR","potentialAction":[{"@type":"ReadAction","target":["https:\/\/icoone.com\/contatti\/"]}]},{"@type":"BreadcrumbList","@id":"https:\/\/icoone.com\/contatti\/#breadcrumb","itemListElement":[{"@type":"ListItem","position":1,"name":"Home","item":"https:\/\/icoone.com\/"},{"@type":"ListItem","position":2,"name":"Contatti"}]},{"@type":"WebSite","@id":"https:\/\/icoone.com\/#website","url":"https:\/\/icoone.com\/","name":"icoon","description":"","publisher":{"@id":"https:\/\/icoone.com\/#organization"},"potentialAction":[{"@type":"SearchAction","target":{"@type":"EntryPoint","urlTemplate":"https:\/\/icoone.com\/?s={search_term_string}"},"query-input":{"@type":"PropertyValueSpecification","valueRequired":true,"valueName":"search_term_string"}}],"inLanguage":"fr-FR"},{"@type":"Organization","@id":"https:\/\/icoone.com\/#organization","name":"icoon","url":"https:\/\/icoone.com\/","logo":{"@type":"ImageObject","inLanguage":"fr-FR","@id":"https:\/\/icoone.com\/#\/schema\/logo\/image\/","url":"https:\/\/icoone.com\/wp-content\/uploads\/2025\/01\/cropped-logo-icoone-main-2.png","contentUrl":"https:\/\/icoone.com\/wp-content\/uploads\/2025\/01\/cropped-logo-icoone-main-2.png","width":512,"height":512,"caption":"icoone"},"image":{"@id":"https:\/\/icoone.com\/#\/schema\/logo\/image\/"},"sameAs":["https:\/\/www.facebook.com\/icooneww\/","https:\/\/www.linkedin.com\/company\/i-tech-industries-srl\/","https:\/\/www.instagram.com\/icoone_ww\/"]}]}},"_links":{"self":[{"href":"https:\/\/icoone.com\/fr\/wp-json\/wp\/v2\/pages\/68","targetHints":{"allow":["GET"]}}],"collection":[{"href":"https:\/\/icoone.com\/fr\/wp-json\/wp\/v2\/pages"}],"about":[{"href":"https:\/\/icoone.com\/fr\/wp-json\/wp\/v2\/types\/page"}],"author":[{"embeddable":true,"href":"https:\/\/icoone.com\/fr\/wp-json\/wp\/v2\/users\/1"}],"replies":[{"embeddable":true,"href":"https:\/\/icoone.com\/fr\/wp-json\/wp\/v2\/comments?post=68"}],"version-history":[{"count":24,"href":"https:\/\/icoone.com\/fr\/wp-json\/wp\/v2\/pages\/68\/revisions"}],"predecessor-version":[{"id":26306,"href":"https:\/\/icoone.com\/fr\/wp-json\/wp\/v2\/pages\/68\/revisions\/26306"}],"wp:attachment":[{"href":"https:\/\/icoone.com\/fr\/wp-json\/wp\/v2\/media?parent=68"}],"curies":[{"name":"wp","href":"https:\/\/api.w.org\/{rel}","templated":true}]}}