{"id":31,"date":"2025-01-03T14:18:44","date_gmt":"2025-01-03T14:18:44","guid":{"rendered":"https:\/\/icoone.com\/?page_id=31"},"modified":"2025-05-22T15:04:22","modified_gmt":"2025-05-22T15:04:22","slug":"icoone-dla","status":"publish","type":"page","link":"https:\/\/icoone.com\/pl\/icoone-per\/","title":{"rendered":"Icoon dla"},"content":{"rendered":"<div id=\"business\"  data-column-margin=\"default\" data-midnight=\"light\"  class=\"wpb_row vc_row-fluid vc_row full-width-content vc_row-o-equal-height vc_row-flex vc_row-o-content-top  clip-path-start-desktop-0px-0px-0px-0px-0 clip-path-end-desktop-45px-2px-20px-2px-20px clip-path-start-tablet-0-0-0-0-0 clip-path-end-tablet-0-0-0-0-20px clip-path-start-phone-0-0-0-0-0 clip-path-end-phone-0-0-0-0-20px clip-path-animation-addon-zoom\"  style=\"padding-top: 0px; padding-bottom: 0px; \"><div class=\"row-bg-wrap\" data-bg-animation=\"clip-path\" data-bg-animation-delay=\"\" data-bg-overlay=\"false\"><div class=\"inner-wrap row-bg-layer\" style=\"background-color: #51565f;\" ><div class=\"row-bg viewport-desktop using-bg-color\"  style=\"background-color: #51565f; \"><\/div><\/div><\/div><div class=\"row_col_wrap_12 col span_12 light left\">\n\t<div style=\" color: #ffffff;\" class=\"vc_col-sm-12 wpb_column column_container vc_column_container col left_padding_desktop_14vw top_padding_desktop_200px right_padding_desktop_14vw bottom_padding_desktop_4vw bottom_padding_tablet_10vw\" data-cfc=\"true\"  data-padding-pos=\"all\" data-has-bg-color=\"false\" data-bg-color=\"\" data-bg-opacity=\"1\" data-animation=\"\" data-delay=\"0\" >\n\t\t<div class=\"vc_column-inner\" >\n\t\t\t<div class=\"wpb_wrapper\">\n\t\t\t\t<div id=\"fws_69e1ef0b62bdc\" data-midnight=\"\" data-column-margin=\"custom\" class=\"wpb_row vc_row-fluid vc_row inner_row  column-margin-5vw\"  style=\"\"><div class=\"row-bg-wrap\"> <div class=\"row-bg\" ><\/div> <\/div><div class=\"row_col_wrap_12_inner col span_12  left\">\n\t<div  class=\"vc_col-sm-6 wpb_column column_container vc_column_container col child_column no-extra-padding inherit_tablet inherit_phone\"   data-padding-pos=\"all\" data-has-bg-color=\"false\" data-bg-color=\"\" data-bg-opacity=\"1\" data-animation=\"\" data-delay=\"0\" >\n\t\t<div class=\"vc_column-inner\" >\n\t\t<div class=\"wpb_wrapper\">\n\t\t\t\n<div class=\"wpb_text_column wpb_content_element\" >\n\t<h5>ICOONE DLA TWOJEJ FIRMY<\/h5>\n<\/div>\n\n\n\n\n<div class=\"wpb_text_column wpb_content_element\" >\n\t<h2>Indywidualne rozwi\u0105zania dla estetyki,<br \/>\ndobre samopoczucie i powr\u00f3t do zdrowia<\/h2>\n<\/div>\n\n\n\n\n\t\t<\/div> \n\t<\/div>\n\t<\/div> \n\n\t<div  class=\"vc_col-sm-6 wpb_column column_container vc_column_container col child_column no-extra-padding inherit_tablet inherit_phone\"   data-padding-pos=\"all\" data-has-bg-color=\"false\" data-bg-color=\"\" data-bg-opacity=\"1\" data-animation=\"\" data-delay=\"0\" >\n\t\t<div class=\"vc_column-inner\" >\n\t\t<div class=\"wpb_wrapper\">\n\t\t\t\n\t\t<\/div> \n\t<\/div>\n\t<\/div> \n<\/div><\/div><div class=\"divider-wrap\" data-alignment=\"default\"><div style=\"height: 3vh;\" class=\"divider\"><\/div><\/div><div id=\"fws_69e1ef0b63b89\" data-midnight=\"\" data-column-margin=\"custom\" class=\"wpb_row vc_row-fluid vc_row inner_row  column-margin-2vw\"  style=\"\"><div class=\"row-bg-wrap\"> <div class=\"row-bg\" ><\/div> <\/div><div class=\"row_col_wrap_12_inner col span_12  left\">\n\t<div style=\" color: #000000;\" class=\"vc_col-sm-4 wpb_column column_container vc_column_container col child_column no-extra-padding inherit_tablet inherit_phone\" data-cfc=\"true\"  data-padding-pos=\"all\" data-has-bg-color=\"false\" data-bg-color=\"\" data-bg-opacity=\"1\" data-animation=\"\" data-delay=\"0\" >\n\t\t<div class=\"vc_column-inner\" >\n\t\t<div class=\"wpb_wrapper\">\n\t\t\t<div class=\"nectar-fancy-box style-5 using-img  has-animation overlay_f1efef\" data-align=\"bottom\" data-overlay-opacity=\"0.6\" data-overlay-opacity-hover=\"1\" data-style=\"parallax_hover\" data-border-radius=\"10px\" data-animation=\"fade-in-from-bottom\" data-delay=\"0\" data-color=\"accent-color\"><a  href=\"https:\/\/icoone.com\/pl\/icoone-dla\/icoon-dla-centrow-urody\/\" class=\"box-link\"><\/a><div class=\"parallaxImg\"><div class=\"parallaxImg-layer\" data-img=\"https:\/\/icoone.com\/wp-content\/uploads\/2025\/01\/business-icoone-centri-estetici.jpg\"><\/div><div class=\"parallaxImg-layer\"> <div class=\"meta-wrap\" style=\"min-height: 500px\"><div class=\"inner\"><strong style=\"color: #000000;line-height: 1.3;opacity: 1\">Centra urody<\/strong><\/p>\n<p style=\"color: #000000;height: 80px;line-height: 1.3;opacity: 1\">Podkre\u015bl naturalne pi\u0119kno dzi\u0119ki ekskluzywnym zabiegom.<\/p>\n<\/div> <\/div><\/div><\/div><\/div>\n\t\t<\/div> \n\t<\/div>\n\t<\/div> \n\n\t<div  class=\"vc_col-sm-4 wpb_column column_container vc_column_container col child_column no-extra-padding inherit_tablet inherit_phone\"   data-padding-pos=\"all\" data-has-bg-color=\"false\" data-bg-color=\"\" data-bg-opacity=\"1\" data-animation=\"\" data-delay=\"0\" >\n\t\t<div class=\"vc_column-inner\" >\n\t\t<div class=\"wpb_wrapper\">\n\t\t\t<div class=\"nectar-fancy-box style-5 using-img  has-animation overlay_f1efef\" data-align=\"bottom\" data-overlay-opacity=\"0.6\" data-overlay-opacity-hover=\"1\" data-style=\"parallax_hover\" data-border-radius=\"10px\" data-animation=\"fade-in-from-bottom\" data-delay=\"50\" data-color=\"accent-color\"><a  href=\"https:\/\/icoone.com\/pl\/icoone-dla\/icoon-dla-klinik-medycznych\/\" class=\"box-link\"><\/a><div class=\"parallaxImg\"><div class=\"parallaxImg-layer\" data-img=\"https:\/\/icoone.com\/wp-content\/uploads\/2025\/01\/business-icoone-cliniche-mediche.jpg\"><\/div><div class=\"parallaxImg-layer\"> <div class=\"meta-wrap\" style=\"min-height: 500px\"><div class=\"inner\"><strong style=\"color: #000000;line-height: 1.3;opacity: 1\">Kliniki medyczne<\/strong><\/p>\n<p style=\"color: #000000;height: 80px;line-height: 1.3;opacity: 1\">Zapewnij swoim pacjentom bezpieczne, nieinwazyjne zabiegi regeneruj\u0105ce i poprawiaj\u0105ce zdrowie sk\u00f3ry.<\/p>\n<\/div> <\/div><\/div><\/div><\/div>\n\t\t<\/div> \n\t<\/div>\n\t<\/div> \n\n\t<div  class=\"vc_col-sm-4 wpb_column column_container vc_column_container col child_column no-extra-padding inherit_tablet inherit_phone\"   data-padding-pos=\"all\" data-has-bg-color=\"false\" data-bg-color=\"\" data-bg-opacity=\"1\" data-animation=\"\" data-delay=\"0\" >\n\t\t<div class=\"vc_column-inner\" >\n\t\t<div class=\"wpb_wrapper\">\n\t\t\t<div class=\"nectar-fancy-box style-5 using-img  has-animation overlay_f1efef\" data-align=\"bottom\" data-overlay-opacity=\"0.6\" data-overlay-opacity-hover=\"1\" data-style=\"parallax_hover\" data-border-radius=\"10px\" data-animation=\"fade-in-from-bottom\" data-delay=\"100\" data-color=\"accent-color\"><a  href=\"https:\/\/icoone.com\/pl\/icoone-dla\/icoone-dla-hoteli-i-osrodkow-spa\/\" class=\"box-link\"><\/a><div class=\"parallaxImg\"><div class=\"parallaxImg-layer\" data-img=\"https:\/\/icoone.com\/wp-content\/uploads\/2025\/01\/business-icoone-spa-resort.jpg\"><\/div><div class=\"parallaxImg-layer\"> <div class=\"meta-wrap\" style=\"min-height: 500px\"><div class=\"inner\"><strong style=\"color: #000000;line-height: 1.3;opacity: 1\">Spa i o\u015brodki wypoczynkowe<\/strong><\/p>\n<p style=\"color: #000000;height: 80px;line-height: 1.3;opacity: 1\">Autentyczne i g\u0142\u0119bokie do\u015bwiadczenie wellness.<\/p>\n<\/div> <\/div><\/div><\/div><\/div>\n\t\t<\/div> \n\t<\/div>\n\t<\/div> \n<\/div><\/div><div id=\"fws_69e1ef0b661df\" data-midnight=\"\" data-column-margin=\"none\" class=\"wpb_row vc_row-fluid vc_row inner_row  row_position_absolute bottom_position_desktop_10vw\"  style=\"\"><div class=\"row-bg-wrap\"> <div class=\"row-bg\" ><\/div> <\/div><div class=\"row_col_wrap_12_inner col span_12  left\">\n\t<div  class=\"vc_col-sm-12 wpb_column column_container vc_column_container col child_column no-extra-padding inherit_tablet inherit_phone\"   data-padding-pos=\"all\" data-has-bg-color=\"false\" data-bg-color=\"\" data-bg-opacity=\"1\" data-animation=\"\" data-delay=\"0\" data-scroll-animation=\"true\" data-scroll-animation-movement=\"transform_x\" data-scroll-animation-mobile=\"true\" data-scroll-animation-intensity=\"3.5\" >\n\t\t<div class=\"vc_column-inner\" >\n\t\t<div class=\"wpb_wrapper\">\n\t\t\t<div class=\"nectar-scrolling-text font_size_25vw font_size_mobile_55vw custom_color\" data-style=\"text_outline\" data-s-dir=\"ltr\" data-spacing=\"false\" data-outline-thickness=\"ultra-thin\" data-s-speed=\"slowest\" data-overflow=\"visible\" ><div class=\"nectar-scrolling-text-inner\" style=\"color: rgba(241,239,239,0.24);\"><div class=\"nectar-scrolling-text-inner__text-chunk\">\n<h1><em>biznes<\/em><span>&nbsp;<\/span><\/h1>\n<\/div><div class=\"nectar-scrolling-text-inner__text-chunk\">\n<h1 aria-hidden=\"true\"><em>biznes<\/em><span>&nbsp;<\/span><\/h1>\n<\/div><div class=\"nectar-scrolling-text-inner__text-chunk\">\n<h1 aria-hidden=\"true\"><em>biznes<\/em><span>&nbsp;<\/span><\/h1>\n<\/div><div class=\"nectar-scrolling-text-inner__text-chunk\">\n<h1 aria-hidden=\"true\"><em>biznes<\/em><span>&nbsp;<\/span><\/h1>\n<\/div><div class=\"nectar-scrolling-text-inner__text-chunk\">\n<h1 aria-hidden=\"true\"><em>biznes<\/em><span>&nbsp;<\/span><\/h1>\n<\/div><\/div><\/div>\n\t\t<\/div> \n\t<\/div>\n\t<\/div> \n<\/div><\/div>\n\t\t\t<\/div> \n\t\t<\/div>\n\t<\/div> \n<\/div><\/div>","protected":false},"excerpt":{"rendered":"ICOONE DLA TWOJEGO BIZNESU Indywidualne rozwi\u0105zania w zakresie estetyki, odnowy biologicznej i terapii Centra urody Podkre\u015bl naturalne pi\u0119kno dzi\u0119ki ekskluzywnym zabiegom. Kliniki medyczne Udost\u0119pnij swoim...","protected":false},"author":1,"featured_media":0,"parent":0,"menu_order":0,"comment_status":"closed","ping_status":"closed","template":"","meta":{"content-type":"","footnotes":""},"class_list":["post-31","page","type-page","status-publish"],"yoast_head":"<!-- This site is optimized with the Yoast SEO plugin v27.4 - https:\/\/yoast.com\/product\/yoast-seo-wordpress\/ -->\n<title>Icoone per - icoone<\/title>\n<meta name=\"robots\" content=\"index, follow, max-snippet:-1, max-image-preview:large, max-video-preview:-1\" \/>\n<link rel=\"canonical\" href=\"https:\/\/icoone.com\/pl\/icoone-dla\/\" \/>\n<meta property=\"og:locale\" content=\"pl_PL\" \/>\n<meta property=\"og:type\" content=\"article\" \/>\n<meta property=\"og:title\" content=\"Icoone per - icoone\" \/>\n<meta property=\"og:url\" content=\"https:\/\/icoone.com\/pl\/icoone-dla\/\" \/>\n<meta property=\"og:site_name\" content=\"icoone\" \/>\n<meta property=\"article:publisher\" content=\"https:\/\/www.facebook.com\/icooneww\/\" \/>\n<meta property=\"article:modified_time\" content=\"2025-05-22T15:04:22+00:00\" \/>\n<meta name=\"twitter:card\" content=\"summary_large_image\" \/>\n<meta name=\"twitter:label1\" content=\"Szacowany czas czytania\" \/>\n\t<meta name=\"twitter:data1\" content=\"1 minuta\" \/>\n<script type=\"application\/ld+json\" class=\"yoast-schema-graph\">{\"@context\":\"https:\\\/\\\/schema.org\",\"@graph\":[{\"@type\":\"WebPage\",\"@id\":\"https:\\\/\\\/icoone.com\\\/icoone-per\\\/\",\"url\":\"https:\\\/\\\/icoone.com\\\/icoone-per\\\/\",\"name\":\"Icoone per - icoone\",\"isPartOf\":{\"@id\":\"https:\\\/\\\/icoone.com\\\/#website\"},\"datePublished\":\"2025-01-03T14:18:44+00:00\",\"dateModified\":\"2025-05-22T15:04:22+00:00\",\"breadcrumb\":{\"@id\":\"https:\\\/\\\/icoone.com\\\/icoone-per\\\/#breadcrumb\"},\"inLanguage\":\"pl-PL\",\"potentialAction\":[{\"@type\":\"ReadAction\",\"target\":[\"https:\\\/\\\/icoone.com\\\/icoone-per\\\/\"]}]},{\"@type\":\"BreadcrumbList\",\"@id\":\"https:\\\/\\\/icoone.com\\\/icoone-per\\\/#breadcrumb\",\"itemListElement\":[{\"@type\":\"ListItem\",\"position\":1,\"name\":\"Home\",\"item\":\"https:\\\/\\\/icoone.com\\\/\"},{\"@type\":\"ListItem\",\"position\":2,\"name\":\"Icoone per\"}]},{\"@type\":\"WebSite\",\"@id\":\"https:\\\/\\\/icoone.com\\\/#website\",\"url\":\"https:\\\/\\\/icoone.com\\\/\",\"name\":\"icoone\",\"description\":\"\",\"publisher\":{\"@id\":\"https:\\\/\\\/icoone.com\\\/#organization\"},\"potentialAction\":[{\"@type\":\"SearchAction\",\"target\":{\"@type\":\"EntryPoint\",\"urlTemplate\":\"https:\\\/\\\/icoone.com\\\/?s={search_term_string}\"},\"query-input\":{\"@type\":\"PropertyValueSpecification\",\"valueRequired\":true,\"valueName\":\"search_term_string\"}}],\"inLanguage\":\"pl-PL\"},{\"@type\":\"Organization\",\"@id\":\"https:\\\/\\\/icoone.com\\\/#organization\",\"name\":\"icoone\",\"url\":\"https:\\\/\\\/icoone.com\\\/\",\"logo\":{\"@type\":\"ImageObject\",\"inLanguage\":\"pl-PL\",\"@id\":\"https:\\\/\\\/icoone.com\\\/#\\\/schema\\\/logo\\\/image\\\/\",\"url\":\"https:\\\/\\\/icoone.com\\\/wp-content\\\/uploads\\\/2025\\\/01\\\/cropped-logo-icoone-main-2.png\",\"contentUrl\":\"https:\\\/\\\/icoone.com\\\/wp-content\\\/uploads\\\/2025\\\/01\\\/cropped-logo-icoone-main-2.png\",\"width\":512,\"height\":512,\"caption\":\"icoone\"},\"image\":{\"@id\":\"https:\\\/\\\/icoone.com\\\/#\\\/schema\\\/logo\\\/image\\\/\"},\"sameAs\":[\"https:\\\/\\\/www.facebook.com\\\/icooneww\\\/\",\"https:\\\/\\\/www.linkedin.com\\\/company\\\/i-tech-industries-srl\\\/\",\"https:\\\/\\\/www.instagram.com\\\/icoone_ww\\\/\"]}]}<\/script>\n<!-- \/ Yoast SEO plugin. -->","yoast_head_json":{"title":"Icoon dla - icoon","robots":{"index":"index","follow":"follow","max-snippet":"max-snippet:-1","max-image-preview":"max-image-preview:large","max-video-preview":"max-video-preview:-1"},"canonical":"https:\/\/icoone.com\/pl\/icoone-dla\/","og_locale":"pl_PL","og_type":"article","og_title":"Icoone per - icoone","og_url":"https:\/\/icoone.com\/pl\/icoone-dla\/","og_site_name":"icoone","article_publisher":"https:\/\/www.facebook.com\/icooneww\/","article_modified_time":"2025-05-22T15:04:22+00:00","twitter_card":"summary_large_image","twitter_misc":{"Szacowany czas czytania":"1 minuta"},"schema":{"@context":"https:\/\/schema.org","@graph":[{"@type":"WebPage","@id":"https:\/\/icoone.com\/icoone-per\/","url":"https:\/\/icoone.com\/icoone-per\/","name":"Icoon dla - icoon","isPartOf":{"@id":"https:\/\/icoone.com\/#website"},"datePublished":"2025-01-03T14:18:44+00:00","dateModified":"2025-05-22T15:04:22+00:00","breadcrumb":{"@id":"https:\/\/icoone.com\/icoone-per\/#breadcrumb"},"inLanguage":"pl-PL","potentialAction":[{"@type":"ReadAction","target":["https:\/\/icoone.com\/icoone-per\/"]}]},{"@type":"BreadcrumbList","@id":"https:\/\/icoone.com\/icoone-per\/#breadcrumb","itemListElement":[{"@type":"ListItem","position":1,"name":"Home","item":"https:\/\/icoone.com\/"},{"@type":"ListItem","position":2,"name":"Icoone per"}]},{"@type":"WebSite","@id":"https:\/\/icoone.com\/#website","url":"https:\/\/icoone.com\/","name":"icoon","description":"","publisher":{"@id":"https:\/\/icoone.com\/#organization"},"potentialAction":[{"@type":"SearchAction","target":{"@type":"EntryPoint","urlTemplate":"https:\/\/icoone.com\/?s={search_term_string}"},"query-input":{"@type":"PropertyValueSpecification","valueRequired":true,"valueName":"search_term_string"}}],"inLanguage":"pl-PL"},{"@type":"Organization","@id":"https:\/\/icoone.com\/#organization","name":"icoon","url":"https:\/\/icoone.com\/","logo":{"@type":"ImageObject","inLanguage":"pl-PL","@id":"https:\/\/icoone.com\/#\/schema\/logo\/image\/","url":"https:\/\/icoone.com\/wp-content\/uploads\/2025\/01\/cropped-logo-icoone-main-2.png","contentUrl":"https:\/\/icoone.com\/wp-content\/uploads\/2025\/01\/cropped-logo-icoone-main-2.png","width":512,"height":512,"caption":"icoone"},"image":{"@id":"https:\/\/icoone.com\/#\/schema\/logo\/image\/"},"sameAs":["https:\/\/www.facebook.com\/icooneww\/","https:\/\/www.linkedin.com\/company\/i-tech-industries-srl\/","https:\/\/www.instagram.com\/icoone_ww\/"]}]}},"_links":{"self":[{"href":"https:\/\/icoone.com\/pl\/wp-json\/wp\/v2\/pages\/31","targetHints":{"allow":["GET"]}}],"collection":[{"href":"https:\/\/icoone.com\/pl\/wp-json\/wp\/v2\/pages"}],"about":[{"href":"https:\/\/icoone.com\/pl\/wp-json\/wp\/v2\/types\/page"}],"author":[{"embeddable":true,"href":"https:\/\/icoone.com\/pl\/wp-json\/wp\/v2\/users\/1"}],"replies":[{"embeddable":true,"href":"https:\/\/icoone.com\/pl\/wp-json\/wp\/v2\/comments?post=31"}],"version-history":[{"count":19,"href":"https:\/\/icoone.com\/pl\/wp-json\/wp\/v2\/pages\/31\/revisions"}],"predecessor-version":[{"id":25787,"href":"https:\/\/icoone.com\/pl\/wp-json\/wp\/v2\/pages\/31\/revisions\/25787"}],"wp:attachment":[{"href":"https:\/\/icoone.com\/pl\/wp-json\/wp\/v2\/media?parent=31"}],"curies":[{"name":"wp","href":"https:\/\/api.w.org\/{rel}","templated":true}]}}